{"id":72269,"date":"2022-11-11T13:02:12","date_gmt":"2022-11-11T11:02:12","guid":{"rendered":"https:\/\/olla.ee\/?post_type=product&#038;p=72269"},"modified":"2026-03-09T14:32:26","modified_gmt":"2026-03-09T12:32:26","slug":"imeline-medaljoniga-kaelakee","status":"publish","type":"product","link":"https:\/\/olla.ee\/en\/toode\/imeline-medaljoniga-kaelakee\/","title":{"rendered":"IMELINE medaljoniga kaelakee"},"content":{"rendered":"<div>&gt;&gt; Saadaval: h\u00f5be, kulla ja roosa kulla v\u00e4rvi<\/div>\n<div><\/div>\n<div><strong><em>&gt;&gt;\u00a0<\/em>Kui kiiresti kaelakee minuni j\u00f5uab?<\/strong>\u00a0\u2013 Tellimused postitame SmartPOSTi ja Omniva pakiautomaatidesse igap\u00e4evaselt. Paki kohalej\u00f5udmine v\u00f5tab 1-2 p\u00e4eva.<\/div>\n","protected":false},"excerpt":{"rendered":"<p> Keti pikkus on 49 cm. Reguleeritav on 3 x 3cm kaupa l\u00fchemaks.<\/p>\n<p>&gt;&gt; Saadaval: h\u00f5be, kulla ja roosa kulla v\u00e4rvi. Materjal roostevaba teras. Ei tekita allergiaid, ei kriimu ega tuhmu.<\/p>\n<\/div>\n<p><em>&gt;&gt;\u00a0<\/em>Kui kiiresti kaelakee minuni j\u00f5uab? \u2013 Tellimused postitame SmartPOSTi ja Omniva pakiautomaatidesse k\u00f5ikidel t\u00f6\u00f6p\u00e4evadel. Paki kohalej\u00f5udmine v\u00f5tab 1-2 p\u00e4eva.<\/p>\n<p>&nbsp;<\/p>\n<p>&nbsp;<\/p>\n","protected":false},"featured_media":72249,"template":"","meta":[],"product_brand":[],"product_cat":[1344,1337,1271],"product_tag":[],"class_list":{"0":"post-72269","1":"product","2":"type-product","3":"status-publish","4":"has-post-thumbnail","6":"product_cat-joulueri","7":"product_cat-naistepaev","8":"product_cat-kaelakeed","10":"first","11":"instock","12":"sale","13":"taxable","14":"shipping-taxable","15":"purchasable","16":"product-type-variable"},"_links":{"self":[{"href":"https:\/\/olla.ee\/en\/wp-json\/wp\/v2\/product\/72269","targetHints":{"allow":["GET"]}}],"collection":[{"href":"https:\/\/olla.ee\/en\/wp-json\/wp\/v2\/product"}],"about":[{"href":"https:\/\/olla.ee\/en\/wp-json\/wp\/v2\/types\/product"}],"wp:featuredmedia":[{"embeddable":true,"href":"https:\/\/olla.ee\/en\/wp-json\/wp\/v2\/media\/72249"}],"wp:attachment":[{"href":"https:\/\/olla.ee\/en\/wp-json\/wp\/v2\/media?parent=72269"}],"wp:term":[{"taxonomy":"product_brand","embeddable":true,"href":"https:\/\/olla.ee\/en\/wp-json\/wp\/v2\/product_brand?post=72269"},{"taxonomy":"product_cat","embeddable":true,"href":"https:\/\/olla.ee\/en\/wp-json\/wp\/v2\/product_cat?post=72269"},{"taxonomy":"product_tag","embeddable":true,"href":"https:\/\/olla.ee\/en\/wp-json\/wp\/v2\/product_tag?post=72269"}],"curies":[{"name":"wp","href":"https:\/\/api.w.org\/{rel}","templated":true}]}}