{"id":72155,"date":"2022-11-10T15:37:27","date_gmt":"2022-11-10T13:37:27","guid":{"rendered":"https:\/\/olla.ee\/?post_type=product&#038;p=72155"},"modified":"2026-01-29T11:09:02","modified_gmt":"2026-01-29T09:09:02","slug":"temedaljon-2","status":"publish","type":"product","link":"https:\/\/olla.ee\/en\/toode\/temedaljon-2\/","title":{"rendered":"T\u00c4IESTI ERILINE medaljoniga kaelakee I X LAURI R\u00c4PP KOLLEKTSIOON"},"content":{"rendered":"","protected":false},"excerpt":{"rendered":"<div>\n<p>&nbsp;<\/p>\n<p>OLLA x Lauri R\u00e4pp kollektsioonist loe l\u00e4hemalt\u00a0<a href=\"https:\/\/olla.ee\/laurirappblog\/\">SIIT.<\/a><\/p>\n<p>*****<\/p>\n<p>&gt;&gt; Saadaval: h\u00f5be, kulla, roosa kulla ja musta v\u00e4rvi<\/p>\n<\/div>\n<div><\/div>\n<div><strong><em>&gt;&gt;\u00a0<\/em>Kui kiiresti kaelakee minuni j\u00f5uab?<\/strong>\u00a0\u2013 Tellimused postitame SmartPOSTi ja Omniva pakiautomaatidesse igap\u00e4evaselt. Paki kohalej\u00f5udmine v\u00f5tab 1-2 p\u00e4eva.<\/div>\n<div><\/div>\n<div><\/div>\n","protected":false},"featured_media":72159,"template":"","meta":[],"product_brand":[],"product_cat":[1337,1271,1322],"product_tag":[],"class_list":{"0":"post-72155","1":"product","2":"type-product","3":"status-publish","4":"has-post-thumbnail","6":"product_cat-naistepaev","7":"product_cat-kaelakeed","8":"product_cat-olla-x-lauri-rapp","10":"first","11":"instock","12":"taxable","13":"shipping-taxable","14":"product-type-variable"},"_links":{"self":[{"href":"https:\/\/olla.ee\/en\/wp-json\/wp\/v2\/product\/72155","targetHints":{"allow":["GET"]}}],"collection":[{"href":"https:\/\/olla.ee\/en\/wp-json\/wp\/v2\/product"}],"about":[{"href":"https:\/\/olla.ee\/en\/wp-json\/wp\/v2\/types\/product"}],"wp:featuredmedia":[{"embeddable":true,"href":"https:\/\/olla.ee\/en\/wp-json\/wp\/v2\/media\/72159"}],"wp:attachment":[{"href":"https:\/\/olla.ee\/en\/wp-json\/wp\/v2\/media?parent=72155"}],"wp:term":[{"taxonomy":"product_brand","embeddable":true,"href":"https:\/\/olla.ee\/en\/wp-json\/wp\/v2\/product_brand?post=72155"},{"taxonomy":"product_cat","embeddable":true,"href":"https:\/\/olla.ee\/en\/wp-json\/wp\/v2\/product_cat?post=72155"},{"taxonomy":"product_tag","embeddable":true,"href":"https:\/\/olla.ee\/en\/wp-json\/wp\/v2\/product_tag?post=72155"}],"curies":[{"name":"wp","href":"https:\/\/api.w.org\/{rel}","templated":true}]}}