{"id":72145,"date":"2022-11-10T15:26:10","date_gmt":"2022-11-10T13:26:10","guid":{"rendered":"https:\/\/olla.ee\/?post_type=product&#038;p=72145"},"modified":"2026-02-22T23:52:39","modified_gmt":"2026-02-22T21:52:39","slug":"taiestierilinenaeheadkee","status":"publish","type":"product","link":"https:\/\/olla.ee\/en\/toode\/taiestierilinenaeheadkee\/","title":{"rendered":"T\u00c4IESTI ERILINE \/ N\u00c4E HEAD I X LAURI R\u00c4PP KOLLEKTSIOON"},"content":{"rendered":"","protected":false},"excerpt":{"rendered":"<div>\n<p>OLLA x Lauri R\u00e4pp kollektsioonist loe l\u00e4hemalt\u00a0<a href=\"https:\/\/olla.ee\/laurirappblog\/\">SIIT.<\/a><\/p>\n<p>*****<\/p>\n<p>Kee ripatsi \u00fchel k\u00fcljel on tekst T\u00c4IESTI ERILINE ja teisel k\u00fcljel N\u00c4E HEAD<\/p>\n<p>&gt;&gt; Saadaval: h\u00f5be, kulla, roosa kulla ja musta v\u00e4rvi<\/p>\n<\/div>\n<div><\/div>\n<div><strong><em>&gt;&gt;\u00a0<\/em>Kui kiiresti kaelakee minuni j\u00f5uab?<\/strong>\u00a0\u2013 Tellimused postitame SmartPOSTi ja Omniva pakiautomaatidesse igap\u00e4evaselt. Paki kohalej\u00f5udmine v\u00f5tab 1-2 p\u00e4eva.<\/div>\n<div><\/div>\n<div><\/div>\n","protected":false},"featured_media":72059,"template":"","meta":[],"product_brand":[],"product_cat":[1271,1322],"product_tag":[],"class_list":{"0":"post-72145","1":"product","2":"type-product","3":"status-publish","4":"has-post-thumbnail","6":"product_cat-kaelakeed","7":"product_cat-olla-x-lauri-rapp","9":"first","10":"instock","11":"taxable","12":"shipping-taxable","13":"product-type-variable"},"_links":{"self":[{"href":"https:\/\/olla.ee\/en\/wp-json\/wp\/v2\/product\/72145","targetHints":{"allow":["GET"]}}],"collection":[{"href":"https:\/\/olla.ee\/en\/wp-json\/wp\/v2\/product"}],"about":[{"href":"https:\/\/olla.ee\/en\/wp-json\/wp\/v2\/types\/product"}],"wp:featuredmedia":[{"embeddable":true,"href":"https:\/\/olla.ee\/en\/wp-json\/wp\/v2\/media\/72059"}],"wp:attachment":[{"href":"https:\/\/olla.ee\/en\/wp-json\/wp\/v2\/media?parent=72145"}],"wp:term":[{"taxonomy":"product_brand","embeddable":true,"href":"https:\/\/olla.ee\/en\/wp-json\/wp\/v2\/product_brand?post=72145"},{"taxonomy":"product_cat","embeddable":true,"href":"https:\/\/olla.ee\/en\/wp-json\/wp\/v2\/product_cat?post=72145"},{"taxonomy":"product_tag","embeddable":true,"href":"https:\/\/olla.ee\/en\/wp-json\/wp\/v2\/product_tag?post=72145"}],"curies":[{"name":"wp","href":"https:\/\/api.w.org\/{rel}","templated":true}]}}