{"id":72080,"date":"2022-11-09T18:00:01","date_gmt":"2022-11-09T16:00:01","guid":{"rendered":"https:\/\/olla.ee\/?post_type=product&#038;p=72080"},"modified":"2026-03-14T20:57:34","modified_gmt":"2026-03-14T18:57:34","slug":"iluonelus","status":"publish","type":"product","link":"https:\/\/olla.ee\/en\/toode\/iluonelus\/","title":{"rendered":"ILU ON ELUS ENESES \/ X LAURI R\u00c4PP KOLLEKTSIOON"},"content":{"rendered":"","protected":false},"excerpt":{"rendered":"<p><img loading=\"lazy\" decoding=\"async\" class=\"alignnone size-medium wp-image-72085\" src=\"https:\/\/olla.ee\/wp-content\/uploads\/2022\/11\/iluonelus-300x300.png\" alt=\"\" width=\"300\" height=\"300\" srcset=\"https:\/\/olla.ee\/wp-content\/uploads\/2022\/11\/iluonelus-300x300.png 300w, https:\/\/olla.ee\/wp-content\/uploads\/2022\/11\/iluonelus-1024x1024.png 1024w, https:\/\/olla.ee\/wp-content\/uploads\/2022\/11\/iluonelus-150x150.png 150w, https:\/\/olla.ee\/wp-content\/uploads\/2022\/11\/iluonelus-600x600.png 600w\" sizes=\"auto, (max-width: 300px) 100vw, 300px\" \/><br \/>\nOLLA x Lauri R\u00e4pp kollektsioonist loe l\u00e4hemalt\u00a0<a href=\"https:\/\/olla.ee\/laurirappblog\/\">SIIT.<\/a><\/p>\n<p>*****<\/p>\n<p><strong>&gt;&gt;<\/strong> OLLA k\u00e4ev\u00f5rude suurus on disainitud sobima k\u00f5igile, v\u00f5ru saab kerge painutamisega teha vastavalt randmele suuremaks v\u00f5i v\u00e4iksemaks. Kandjad armastavad OLLA v\u00f5rusid: meie\u00a0hinne\u00a0<a href=\"https:\/\/www.facebook.com\/pg\/ollaehe\/reviews\/?ref=page_internal\" target=\"_blank\" rel=\"noopener noreferrer\">klientide hinnangul on 5***** viiest<\/a>.<\/p>\n<p><strong><em>&gt;&gt;\u00a0<\/em>Kui kiiresti v\u00f5ru minuni j\u00f5uab?<\/strong> &#8211; Tellimused postitame SmartPOSTi, DPD ja Omniva pakiautomaatidesse igap\u00e4evaselt. Paki kohalej\u00f5udmine v\u00f5tab 1-2 p\u00e4eva.<\/p>\n","protected":false},"featured_media":72015,"template":"","meta":[],"product_brand":[],"product_cat":[1270,1322],"product_tag":[],"class_list":{"0":"post-72080","1":"product","2":"type-product","3":"status-publish","4":"has-post-thumbnail","6":"product_cat-kaevorud","7":"product_cat-olla-x-lauri-rapp","9":"first","10":"instock","11":"taxable","12":"shipping-taxable","13":"product-type-variable"},"_links":{"self":[{"href":"https:\/\/olla.ee\/en\/wp-json\/wp\/v2\/product\/72080","targetHints":{"allow":["GET"]}}],"collection":[{"href":"https:\/\/olla.ee\/en\/wp-json\/wp\/v2\/product"}],"about":[{"href":"https:\/\/olla.ee\/en\/wp-json\/wp\/v2\/types\/product"}],"wp:featuredmedia":[{"embeddable":true,"href":"https:\/\/olla.ee\/en\/wp-json\/wp\/v2\/media\/72015"}],"wp:attachment":[{"href":"https:\/\/olla.ee\/en\/wp-json\/wp\/v2\/media?parent=72080"}],"wp:term":[{"taxonomy":"product_brand","embeddable":true,"href":"https:\/\/olla.ee\/en\/wp-json\/wp\/v2\/product_brand?post=72080"},{"taxonomy":"product_cat","embeddable":true,"href":"https:\/\/olla.ee\/en\/wp-json\/wp\/v2\/product_cat?post=72080"},{"taxonomy":"product_tag","embeddable":true,"href":"https:\/\/olla.ee\/en\/wp-json\/wp\/v2\/product_tag?post=72080"}],"curies":[{"name":"wp","href":"https:\/\/api.w.org\/{rel}","templated":true}]}}