{"id":71991,"date":"2022-11-09T17:36:34","date_gmt":"2022-11-09T15:36:34","guid":{"rendered":"https:\/\/olla.ee\/?post_type=product&#038;p=71991"},"modified":"2026-02-12T13:18:35","modified_gmt":"2026-02-12T11:18:35","slug":"taiesti-eriline-x-lauri-rapp-kollektsioon","status":"publish","type":"product","link":"https:\/\/olla.ee\/en\/toode\/taiesti-eriline-x-lauri-rapp-kollektsioon\/","title":{"rendered":"T\u00c4IESTI ERILINE \/ X LAURI R\u00c4PP KOLLEKTSIOON"},"content":{"rendered":"<p>OLLA x LAURI R\u00c4PP KOLLEKTSIOON<\/p>\n<p>tavalised<br \/>\nja inimesed nende sees<br \/>\naga siis tuleb \u00fcks tavaline inimene<br \/>\nja paneb meid \u00fchel tavalisel hetkel<br \/>\nT\u00c4IESTI ERILISENA TUNDMA<\/p>\n","protected":false},"excerpt":{"rendered":"<p>OLLA x Lauri R\u00e4pp kollektsioonist loe l\u00e4hemalt\u00a0<a href=\"https:\/\/olla.ee\/laurirappblog\/\">SIIT.<\/a><\/p>\n<p>*****<\/p>\n<p><strong>&gt;&gt;<\/strong> OLLA k\u00e4ev\u00f5rude suurus on disainitud sobima k\u00f5igile, v\u00f5ru saab kerge painutamisega teha vastavalt randmele suuremaks v\u00f5i v\u00e4iksemaks. Kandjad armastavad OLLA v\u00f5rusid: meie\u00a0hinne\u00a0<a href=\"https:\/\/www.facebook.com\/pg\/ollaehe\/reviews\/?ref=page_internal\" target=\"_blank\" rel=\"noopener noreferrer\">klientide hinnangul on 5***** viiest<\/a>.<\/p>\n<p><strong><em>&gt;&gt;\u00a0<\/em>Kui kiiresti v\u00f5ru minuni j\u00f5uab?<\/strong> &#8211; Tellimused postitame SmartPOSTi, DPD ja Omniva pakiautomaatidesse igap\u00e4evaselt. Paki kohalej\u00f5udmine v\u00f5tab 1-2 p\u00e4eva.<\/p>\n","protected":false},"featured_media":71996,"template":"","meta":[],"product_brand":[],"product_cat":[1336,1270,1322],"product_tag":[],"class_list":{"0":"post-71991","1":"product","2":"type-product","3":"status-publish","4":"has-post-thumbnail","6":"product_cat-sobrapaev","7":"product_cat-kaevorud","8":"product_cat-olla-x-lauri-rapp","10":"first","11":"instock","12":"taxable","13":"shipping-taxable","14":"product-type-variable"},"_links":{"self":[{"href":"https:\/\/olla.ee\/en\/wp-json\/wp\/v2\/product\/71991","targetHints":{"allow":["GET"]}}],"collection":[{"href":"https:\/\/olla.ee\/en\/wp-json\/wp\/v2\/product"}],"about":[{"href":"https:\/\/olla.ee\/en\/wp-json\/wp\/v2\/types\/product"}],"wp:featuredmedia":[{"embeddable":true,"href":"https:\/\/olla.ee\/en\/wp-json\/wp\/v2\/media\/71996"}],"wp:attachment":[{"href":"https:\/\/olla.ee\/en\/wp-json\/wp\/v2\/media?parent=71991"}],"wp:term":[{"taxonomy":"product_brand","embeddable":true,"href":"https:\/\/olla.ee\/en\/wp-json\/wp\/v2\/product_brand?post=71991"},{"taxonomy":"product_cat","embeddable":true,"href":"https:\/\/olla.ee\/en\/wp-json\/wp\/v2\/product_cat?post=71991"},{"taxonomy":"product_tag","embeddable":true,"href":"https:\/\/olla.ee\/en\/wp-json\/wp\/v2\/product_tag?post=71991"}],"curies":[{"name":"wp","href":"https:\/\/api.w.org\/{rel}","templated":true}]}}