{"id":71823,"date":"2022-11-07T11:10:40","date_gmt":"2022-11-07T08:10:40","guid":{"rendered":"https:\/\/olla.ee\/?post_type=product&#038;p=71823"},"modified":"2026-04-10T12:18:28","modified_gmt":"2026-04-10T10:18:28","slug":"medaljoniga-kaelakee","status":"publish","type":"product","link":"https:\/\/olla.ee\/en\/toode\/medaljoniga-kaelakee\/","title":{"rendered":"MEDALJONIGA KAELAKEE"},"content":{"rendered":"<div>&gt;&gt; Saadaval: h\u00f5be, kulla ja roosa kulla v\u00e4rvi<\/div>\n<div><\/div>\n<div><strong><em>&gt;&gt;\u00a0<\/em>Kui kiiresti kaelakee minuni j\u00f5uab?<\/strong>\u00a0\u2013 Tellimused postitame SmartPOSTi ja Omniva pakiautomaatidesse igap\u00e4evaselt. Paki kohalej\u00f5udmine v\u00f5tab 1-2 p\u00e4eva.<\/div>\n","protected":false},"excerpt":{"rendered":"<div>\n<div>\n<p>&gt;&gt; Uute kaelakeede 180 mm l\u00e4bim\u00f5\u00f5duga medaljonid sobivad eriti h\u00e4sti erinevate emoji\u00b4de ja nimede graveerimiseks. Keti pikkus on 49 cm. Reguleeritav on 3 x 3cm kaupa l\u00fchemaks.<\/p>\n<p>&gt;&gt; Teksti graveerime medaljoni \u00fchele k\u00fcljele.<\/p>\n<\/div>\n<p>&gt;&gt; Saadaval: h\u00f5be, kulla ja roosa kulla v\u00e4rvi. Materjal roostevaba teras. Ei tekita allergiaid, ei kriimu ega tuhmu.<\/p>\n<p>&gt;&gt; OLLA OMA S\u00d5NUMIGA\u00a0ehete tekstid kantakse v\u00f5rule lasergraveeringuga. Lasergraveeringu tekst on pindmisem kui meie valmiss\u00f5numitega kaelakeedel.\u00a0 Ent tulemus on siiski kaunis, kvaliteetne ja korrektne. Lasergraveering v\u00f5imaldab oma s\u00f5numeid kiirelt tellida &#8211; postitame tellimused t\u00f6\u00f6p\u00e4evadel 24 tunni jooksul. Valmiss\u00f5numitega keed on tehtud s\u00fcvagraveeringuga, mis on aegan\u00f5udev protsess ja vajab j\u00e4relt\u00f6\u00f6tlust. Kui soovite oma s\u00f5numiga ja s\u00fcvagraveeringuga ehet on ooteaeg v\u00e4hemalt \u00fcks kuu. S\u00fcvagraveeringuga ehete tellimused palume saata info@olla.ee<\/p>\n<\/div>\n<p><em>&gt;&gt;\u00a0<\/em>Kui kiiresti kaelakee minuni j\u00f5uab? \u2013 Tellimused postitame SmartPOSTi ja Omniva pakiautomaatidesse k\u00f5ikidel t\u00f6\u00f6p\u00e4evadel. Paki kohalej\u00f5udmine v\u00f5tab 1-2 p\u00e4eva.<\/p>\n<p>&nbsp;<\/p>\n<p>&nbsp;<\/p>\n","protected":false},"featured_media":80332,"template":"","meta":[],"product_brand":[],"product_cat":[1344,1271,1297],"product_tag":[],"class_list":{"0":"post-71823","1":"product","2":"type-product","3":"status-publish","4":"has-post-thumbnail","6":"product_cat-joulueri","7":"product_cat-kaelakeed","8":"product_cat-oma-sonumiga-ehted","10":"first","11":"instock","12":"taxable","13":"shipping-taxable","14":"product-type-variable","15":"has-default-attributes"},"_links":{"self":[{"href":"https:\/\/olla.ee\/en\/wp-json\/wp\/v2\/product\/71823","targetHints":{"allow":["GET"]}}],"collection":[{"href":"https:\/\/olla.ee\/en\/wp-json\/wp\/v2\/product"}],"about":[{"href":"https:\/\/olla.ee\/en\/wp-json\/wp\/v2\/types\/product"}],"wp:featuredmedia":[{"embeddable":true,"href":"https:\/\/olla.ee\/en\/wp-json\/wp\/v2\/media\/80332"}],"wp:attachment":[{"href":"https:\/\/olla.ee\/en\/wp-json\/wp\/v2\/media?parent=71823"}],"wp:term":[{"taxonomy":"product_brand","embeddable":true,"href":"https:\/\/olla.ee\/en\/wp-json\/wp\/v2\/product_brand?post=71823"},{"taxonomy":"product_cat","embeddable":true,"href":"https:\/\/olla.ee\/en\/wp-json\/wp\/v2\/product_cat?post=71823"},{"taxonomy":"product_tag","embeddable":true,"href":"https:\/\/olla.ee\/en\/wp-json\/wp\/v2\/product_tag?post=71823"}],"curies":[{"name":"wp","href":"https:\/\/api.w.org\/{rel}","templated":true}]}}