{"id":71737,"date":"2022-11-07T11:10:10","date_gmt":"2022-11-07T08:10:10","guid":{"rendered":"https:\/\/olla.ee\/?post_type=product&#038;p=71737"},"modified":"2024-05-07T20:15:45","modified_gmt":"2024-05-07T18:15:45","slug":"age-emps-siidivoru","status":"publish","type":"product","link":"https:\/\/olla.ee\/en\/toode\/age-emps-siidivoru\/","title":{"rendered":"\u00c4GE EMPS \/ siidiv\u00f5ru"},"content":{"rendered":"","protected":false},"excerpt":{"rendered":"<blockquote><p>&gt; Siidipaeltega k\u00e4ev\u00f5rud koosnevad kahest osast \u2013 siidipaelast (must, roosa v\u00f5i tumepunane) ja s\u00f5numiga metallr\u00f5ngast (h\u00f5be, roosa kulla ja kollase kulla v\u00e4rvi)<\/p>\n<p>&gt; Siidipaelaga k\u00e4ev\u00f5ru on pakitud \u0161ikki kinkekarpi.<\/p>\n<p>&gt; S\u00f5numiga r\u00f5ngale on tekst graveeritud kahele poole, \u00fchel pool \u00c4GE EMPS ja teisel pool INFINITY LOVE m\u00e4rk. R\u00f5ngas on valmistatud hoolikalt poleeritud roostevabast terasest \u00a0ja k\u00f5rgtehnoloogiliselt t\u00f6\u00f6deldud, et tagada vastupidavus ja kauakestev v\u00e4limus.\u00a0 Ehe s\u00e4ilitab oma esialgse tooni aastateks. Ei sisalda niklit ja sobib allergikutele.S\u00fcvagraveeringuga kirjutatud s\u00f5num on selge ja h\u00e4sti loetav. R\u00f5nga l\u00e4bim\u00f5\u00f5t on 30 mm.<\/p>\n<p>&gt; Pael on valmistatud satiiniviimistlusega siidiimitatsioon-kangast. M\u00f5\u00f5dud 90cm x 5 cm. Siidipaela v\u00f5ib kanda ka aksessuaarina juustes, k\u00e4ekoti k\u00fcljes vms&#8230;<\/p>\n<p>&nbsp;<\/p><\/blockquote>\n","protected":false},"featured_media":71697,"template":"","meta":[],"product_brand":[],"product_cat":[15,1312],"product_tag":[],"class_list":{"0":"post-71737","1":"product","2":"type-product","3":"status-publish","4":"has-post-thumbnail","6":"product_cat-emadepaev","7":"product_cat-siidipaelaga-kaevorud","9":"first","10":"instock","11":"taxable","12":"shipping-taxable","13":"purchasable","14":"product-type-variable"},"_links":{"self":[{"href":"https:\/\/olla.ee\/en\/wp-json\/wp\/v2\/product\/71737","targetHints":{"allow":["GET"]}}],"collection":[{"href":"https:\/\/olla.ee\/en\/wp-json\/wp\/v2\/product"}],"about":[{"href":"https:\/\/olla.ee\/en\/wp-json\/wp\/v2\/types\/product"}],"wp:featuredmedia":[{"embeddable":true,"href":"https:\/\/olla.ee\/en\/wp-json\/wp\/v2\/media\/71697"}],"wp:attachment":[{"href":"https:\/\/olla.ee\/en\/wp-json\/wp\/v2\/media?parent=71737"}],"wp:term":[{"taxonomy":"product_brand","embeddable":true,"href":"https:\/\/olla.ee\/en\/wp-json\/wp\/v2\/product_brand?post=71737"},{"taxonomy":"product_cat","embeddable":true,"href":"https:\/\/olla.ee\/en\/wp-json\/wp\/v2\/product_cat?post=71737"},{"taxonomy":"product_tag","embeddable":true,"href":"https:\/\/olla.ee\/en\/wp-json\/wp\/v2\/product_tag?post=71737"}],"curies":[{"name":"wp","href":"https:\/\/api.w.org\/{rel}","templated":true}]}}