{"id":71551,"date":"2022-11-07T11:09:12","date_gmt":"2022-11-07T08:09:12","guid":{"rendered":"https:\/\/olla.ee\/?post_type=product&#038;p=71551"},"modified":"2026-02-18T13:45:07","modified_gmt":"2026-02-18T11:45:07","slug":"taiuslik-tutar-xs-suurus-parlitega","status":"publish","type":"product","link":"https:\/\/olla.ee\/en\/toode\/taiuslik-tutar-xs-suurus-parlitega\/","title":{"rendered":"T\u00c4IUSLIK T\u00dcTAR \/ OLLAke"},"content":{"rendered":"","protected":false},"excerpt":{"rendered":"<p><strong>&gt;&gt; <\/strong>Nelja millimeetrise l\u00e4bim\u00f5\u00f5duga p\u00e4rlid on valmistatud erineva v\u00e4rvusega kaltsedonkividest (mineraalne poolv\u00e4\u00e4riskivi).<\/p>\n<p><strong>&gt;&gt; <\/strong>S\u00f5numiga plaadi pikkus on 3 cm ja laius 40 mm. Plaat on valmistatud roostevabast terasest, see ei m\u00e4\u00e4ri, kriimu ja on allergiavaba.<br \/>\nP\u00e4rlite s\u00f5numiga plaat on disainitud sobima v\u00e4rvide ja l\u00e4bim\u00f5\u00f5du j\u00e4rgi OLLA teiste k\u00e4ev\u00f5rudega.<\/p>\n<p><strong>&gt;&gt; <\/strong>K\u00e4ev\u00f5ru \u00fcmberm\u00f5\u00f5t on 8\u00a0 cm ja p\u00e4rleid \u00fchendav kummipael, teeb v\u00f5ru randme j\u00e4rgi reguleeritavaks. P\u00e4rliv\u00f5ru sobivad randmetele 7 -10 cm\u00a0 randmetele u 5-8-aastastele t\u00fcdrukutele.<\/p>\n","protected":false},"featured_media":71566,"template":"","meta":[],"product_brand":[],"product_cat":[1291,1299],"product_tag":[],"class_list":{"0":"post-71551","1":"product","2":"type-product","3":"status-publish","4":"has-post-thumbnail","6":"product_cat-ollake","7":"product_cat-parlitega-kaevorud","9":"first","10":"instock","11":"taxable","12":"shipping-taxable","13":"product-type-variable"},"_links":{"self":[{"href":"https:\/\/olla.ee\/en\/wp-json\/wp\/v2\/product\/71551","targetHints":{"allow":["GET"]}}],"collection":[{"href":"https:\/\/olla.ee\/en\/wp-json\/wp\/v2\/product"}],"about":[{"href":"https:\/\/olla.ee\/en\/wp-json\/wp\/v2\/types\/product"}],"wp:featuredmedia":[{"embeddable":true,"href":"https:\/\/olla.ee\/en\/wp-json\/wp\/v2\/media\/71566"}],"wp:attachment":[{"href":"https:\/\/olla.ee\/en\/wp-json\/wp\/v2\/media?parent=71551"}],"wp:term":[{"taxonomy":"product_brand","embeddable":true,"href":"https:\/\/olla.ee\/en\/wp-json\/wp\/v2\/product_brand?post=71551"},{"taxonomy":"product_cat","embeddable":true,"href":"https:\/\/olla.ee\/en\/wp-json\/wp\/v2\/product_cat?post=71551"},{"taxonomy":"product_tag","embeddable":true,"href":"https:\/\/olla.ee\/en\/wp-json\/wp\/v2\/product_tag?post=71551"}],"curies":[{"name":"wp","href":"https:\/\/api.w.org\/{rel}","templated":true}]}}