{"id":71456,"date":"2022-11-07T11:08:48","date_gmt":"2022-11-07T08:08:48","guid":{"rendered":"https:\/\/olla.ee\/?post_type=product&#038;p=71456"},"modified":"2025-07-23T08:57:58","modified_gmt":"2025-07-23T06:57:58","slug":"koik-saab-korda","status":"publish","type":"product","link":"https:\/\/olla.ee\/en\/toode\/koik-saab-korda\/","title":{"rendered":"K\u00d5IK SAAB KORDA"},"content":{"rendered":"","protected":false},"excerpt":{"rendered":"<p style=\"text-align: left;\"><em>Raske uskuda on homset, kui on k\u00f5rvetatud tiivad<\/em><br \/>\n<em>ja oled aetud l\u00f5ksu, puuri iseendasse.<\/em><br \/>\n<em>Tule kaasa, kallis, l\u00e4heme sinna, kuhu viivad tuuled, vesi, \u00f5hk ja jalad unistades lendame.<\/em><br \/>\n<em>P\u00f5hiline on ju kaasas oleme me teineteisel. K\u00f5ik muu see tundub t\u00fchine ja liiga ennast t\u00e4is.<\/em><br \/>\n<em>Kui murelik t\u00e4na <strong>k\u00fcll see homme saab korda.<\/strong><\/em><br \/>\n<em>V\u00f5ta kinni ta k\u00e4est, sest ta armastab sind.<\/em><\/p>\n<p>K\u00fclalised &#8220;K\u00f5ik saab korda&#8221;<\/p>\n<p><strong>&gt;&gt;<\/strong>\u00a0OLLA k\u00e4ev\u00f5rude suurus on disainitud sobima k\u00f5igile, v\u00f5ru saab kerge painutamisega teha vastavalt randmele suuremaks v\u00f5i v\u00e4iksemaks. Kandjad armastavad OLLA v\u00f5rusid: meie\u00a0hinne\u00a0<a href=\"https:\/\/www.facebook.com\/pg\/ollaehe\/reviews\/?ref=page_internal\" target=\"_blank\" rel=\"noopener noreferrer\">klientide hinnangul on 5***** viiest<\/a>.<\/p>\n<p><strong><em>&gt;&gt;\u00a0<\/em>Kui kiiresti v\u00f5ru minuni j\u00f5uab?<\/strong>\u00a0\u2013 Tellimused postitame SmartPOSTi ja Omniva pakiautomaatidesse igap\u00e4evaselt. Paki kohalej\u00f5udmine v\u00f5tab 1-2 p\u00e4eva.<\/p>\n<p>&nbsp;<\/p>\n","protected":false},"featured_media":71481,"template":"","meta":[],"product_brand":[],"product_cat":[1270],"product_tag":[],"class_list":{"0":"post-71456","1":"product","2":"type-product","3":"status-publish","4":"has-post-thumbnail","6":"product_cat-kaevorud","8":"first","9":"instock","10":"taxable","11":"shipping-taxable","12":"product-type-variable"},"_links":{"self":[{"href":"https:\/\/olla.ee\/en\/wp-json\/wp\/v2\/product\/71456","targetHints":{"allow":["GET"]}}],"collection":[{"href":"https:\/\/olla.ee\/en\/wp-json\/wp\/v2\/product"}],"about":[{"href":"https:\/\/olla.ee\/en\/wp-json\/wp\/v2\/types\/product"}],"wp:featuredmedia":[{"embeddable":true,"href":"https:\/\/olla.ee\/en\/wp-json\/wp\/v2\/media\/71481"}],"wp:attachment":[{"href":"https:\/\/olla.ee\/en\/wp-json\/wp\/v2\/media?parent=71456"}],"wp:term":[{"taxonomy":"product_brand","embeddable":true,"href":"https:\/\/olla.ee\/en\/wp-json\/wp\/v2\/product_brand?post=71456"},{"taxonomy":"product_cat","embeddable":true,"href":"https:\/\/olla.ee\/en\/wp-json\/wp\/v2\/product_cat?post=71456"},{"taxonomy":"product_tag","embeddable":true,"href":"https:\/\/olla.ee\/en\/wp-json\/wp\/v2\/product_tag?post=71456"}],"curies":[{"name":"wp","href":"https:\/\/api.w.org\/{rel}","templated":true}]}}