{"id":71398,"date":"2022-11-07T11:08:31","date_gmt":"2022-11-07T08:08:31","guid":{"rendered":"https:\/\/olla.ee\/?post_type=product&#038;p=71398"},"modified":"2026-02-18T13:45:06","modified_gmt":"2026-02-18T11:45:06","slug":"dog-mom-%e2%9d%a4%ef%b8%8e","status":"publish","type":"product","link":"https:\/\/olla.ee\/en\/toode\/dog-mom-%e2%9d%a4%ef%b8%8e\/","title":{"rendered":"DOG MOM \u2764\ufe0e"},"content":{"rendered":"","protected":false},"excerpt":{"rendered":"<p><strong>&gt;&gt;<\/strong>\u00a0Saadaval: h\u00f5be, kulla ja roosa kulla v\u00e4rvi<\/p>\n<p><strong>&gt;&gt;<\/strong>\u00a0OLLA k\u00e4ev\u00f5rude suurus on disainitud sobima k\u00f5igile, v\u00f5ru saab kerge painutamisega teha vastavalt randmele suuremaks v\u00f5i v\u00e4iksemaks. Kandjad armastavad OLLA v\u00f5rusid: meie\u00a0hinne\u00a0<a href=\"https:\/\/www.facebook.com\/pg\/ollaehe\/reviews\/?ref=page_internal\" target=\"_blank\" rel=\"noopener noreferrer\">klientide hinnangul on 5***** viiest<\/a>.<\/p>\n<p><strong><em>&gt;&gt;\u00a0<\/em>Kui kiiresti v\u00f5ru minuni j\u00f5uab?<\/strong>\u00a0\u2013 Tellimused postitame SmartPOSTi ja Omniva pakiautomaatidesse igap\u00e4evaselt. Paki kohalej\u00f5udmine v\u00f5tab 1-2 p\u00e4eva.<\/p>\n","protected":false},"featured_media":71411,"template":"","meta":[],"product_brand":[],"product_cat":[1272,1270],"product_tag":[],"class_list":{"0":"post-71398","1":"product","2":"type-product","3":"status-publish","4":"has-post-thumbnail","6":"product_cat-leiunurk","7":"product_cat-kaevorud","9":"first","10":"instock","11":"sale","12":"taxable","13":"shipping-taxable","14":"product-type-variable"},"_links":{"self":[{"href":"https:\/\/olla.ee\/en\/wp-json\/wp\/v2\/product\/71398","targetHints":{"allow":["GET"]}}],"collection":[{"href":"https:\/\/olla.ee\/en\/wp-json\/wp\/v2\/product"}],"about":[{"href":"https:\/\/olla.ee\/en\/wp-json\/wp\/v2\/types\/product"}],"wp:featuredmedia":[{"embeddable":true,"href":"https:\/\/olla.ee\/en\/wp-json\/wp\/v2\/media\/71411"}],"wp:attachment":[{"href":"https:\/\/olla.ee\/en\/wp-json\/wp\/v2\/media?parent=71398"}],"wp:term":[{"taxonomy":"product_brand","embeddable":true,"href":"https:\/\/olla.ee\/en\/wp-json\/wp\/v2\/product_brand?post=71398"},{"taxonomy":"product_cat","embeddable":true,"href":"https:\/\/olla.ee\/en\/wp-json\/wp\/v2\/product_cat?post=71398"},{"taxonomy":"product_tag","embeddable":true,"href":"https:\/\/olla.ee\/en\/wp-json\/wp\/v2\/product_tag?post=71398"}],"curies":[{"name":"wp","href":"https:\/\/api.w.org\/{rel}","templated":true}]}}