{"id":71356,"date":"2022-11-07T11:08:19","date_gmt":"2022-11-07T08:08:19","guid":{"rendered":"https:\/\/olla.ee\/?post_type=product&#038;p=71356"},"modified":"2025-08-24T14:22:12","modified_gmt":"2025-08-24T12:22:12","slug":"sara-armasta-tegutse-l-suurus","status":"publish","type":"product","link":"https:\/\/olla.ee\/en\/toode\/sara-armasta-tegutse-l-suurus\/","title":{"rendered":"S\u00c4RA ARMASTA TEGUTSE\/ L-suurus"},"content":{"rendered":"","protected":false},"excerpt":{"rendered":"<p><strong>&gt;&gt; <\/strong>Nelja millimeetrise l\u00e4bim\u00f5\u00f5duga p\u00e4rlid on valmistatud erineva v\u00e4rvusega kaltsedonkividest (mineraalne poolv\u00e4\u00e4riskivi).<\/p>\n<p><strong>&gt;&gt; <\/strong>S\u00f5numiga plaadi pikkus on 4 cm ja laius 40 mm. Plaat on valmistatud roostevabast terasest, see ei m\u00e4\u00e4ri, kriimu ja on allergiavaba.<br \/>\nP\u00e4rlite s\u00f5numiga plaat on disainitud sobima v\u00e4rvide ja l\u00e4bim\u00f5\u00f5du j\u00e4rgi OLLA teiste k\u00e4ev\u00f5rudega.<\/p>\n<p><strong>&gt;&gt; <\/strong>K\u00e4ev\u00f5ru \u00fcmberm\u00f5\u00f5t on 19 -19,5 cm ja p\u00e4rleid \u00fchendav kummipael, teeb v\u00f5ru randme j\u00e4rgi reguleeritavaks. P\u00e4rliv\u00f5ru sobivad randmetele 18 cm + randmetele.<\/p>\n","protected":false},"featured_media":71368,"template":"","meta":[],"product_brand":[],"product_cat":[1299],"product_tag":[],"class_list":{"0":"post-71356","1":"product","2":"type-product","3":"status-publish","4":"has-post-thumbnail","6":"product_cat-parlitega-kaevorud","8":"first","9":"instock","10":"taxable","11":"shipping-taxable","12":"product-type-variable"},"_links":{"self":[{"href":"https:\/\/olla.ee\/en\/wp-json\/wp\/v2\/product\/71356","targetHints":{"allow":["GET"]}}],"collection":[{"href":"https:\/\/olla.ee\/en\/wp-json\/wp\/v2\/product"}],"about":[{"href":"https:\/\/olla.ee\/en\/wp-json\/wp\/v2\/types\/product"}],"wp:featuredmedia":[{"embeddable":true,"href":"https:\/\/olla.ee\/en\/wp-json\/wp\/v2\/media\/71368"}],"wp:attachment":[{"href":"https:\/\/olla.ee\/en\/wp-json\/wp\/v2\/media?parent=71356"}],"wp:term":[{"taxonomy":"product_brand","embeddable":true,"href":"https:\/\/olla.ee\/en\/wp-json\/wp\/v2\/product_brand?post=71356"},{"taxonomy":"product_cat","embeddable":true,"href":"https:\/\/olla.ee\/en\/wp-json\/wp\/v2\/product_cat?post=71356"},{"taxonomy":"product_tag","embeddable":true,"href":"https:\/\/olla.ee\/en\/wp-json\/wp\/v2\/product_tag?post=71356"}],"curies":[{"name":"wp","href":"https:\/\/api.w.org\/{rel}","templated":true}]}}