{"id":71240,"date":"2022-11-07T11:07:46","date_gmt":"2022-11-07T08:07:46","guid":{"rendered":"https:\/\/olla.ee\/?post_type=product&#038;p=71240"},"modified":"2024-12-10T19:41:00","modified_gmt":"2024-12-10T17:41:00","slug":"girl-power-parlitega","status":"publish","type":"product","link":"https:\/\/olla.ee\/en\/toode\/girl-power-parlitega\/","title":{"rendered":"GIRL POWER \/ P\u00e4rlitega"},"content":{"rendered":"","protected":false},"excerpt":{"rendered":"<p><strong>&gt;&gt; <\/strong>Nelja millimeetrise l\u00e4bim\u00f5\u00f5duga p\u00e4rlid on valmistatud erineva v\u00e4rvusega kaltsedonkividest (mineraalne poolv\u00e4\u00e4riskivi).<\/p>\n<p><strong>&gt;&gt; <\/strong>S\u00f5numiga plaadi pikkus on 4 cm ja laius 40 mm. Plaat on valmistatud roostevabast terasest, see ei m\u00e4\u00e4ri, kriimu ja on allergiavaba.<br \/>\nP\u00e4rlite s\u00f5numiga plaat on disainitud sobima v\u00e4rvide ja l\u00e4bim\u00f5\u00f5du j\u00e4rgi OLLA teiste <a href=\"https:\/\/vana.olla.ee\/tootekategooria\/kaevorud\/\">k\u00e4ev\u00f5rudega<\/a>.<\/p>\n<p><strong>&gt;&gt; <\/strong>K\u00e4ev\u00f5ru \u00fcmberm\u00f5\u00f5t on 17 -17,5 cm ja p\u00e4rleid \u00fchendav kummipael, teeb v\u00f5ru randme j\u00e4rgi reguleeritavaks. P\u00e4rliv\u00f5rud sobivad keskmistele ja peenematele randmetele.<\/p>\n","protected":false},"featured_media":71266,"template":"","meta":[],"product_brand":[],"product_cat":[1299],"product_tag":[],"class_list":{"0":"post-71240","1":"product","2":"type-product","3":"status-publish","4":"has-post-thumbnail","6":"product_cat-parlitega-kaevorud","8":"first","9":"instock","10":"taxable","11":"shipping-taxable","12":"product-type-variable"},"_links":{"self":[{"href":"https:\/\/olla.ee\/en\/wp-json\/wp\/v2\/product\/71240","targetHints":{"allow":["GET"]}}],"collection":[{"href":"https:\/\/olla.ee\/en\/wp-json\/wp\/v2\/product"}],"about":[{"href":"https:\/\/olla.ee\/en\/wp-json\/wp\/v2\/types\/product"}],"wp:featuredmedia":[{"embeddable":true,"href":"https:\/\/olla.ee\/en\/wp-json\/wp\/v2\/media\/71266"}],"wp:attachment":[{"href":"https:\/\/olla.ee\/en\/wp-json\/wp\/v2\/media?parent=71240"}],"wp:term":[{"taxonomy":"product_brand","embeddable":true,"href":"https:\/\/olla.ee\/en\/wp-json\/wp\/v2\/product_brand?post=71240"},{"taxonomy":"product_cat","embeddable":true,"href":"https:\/\/olla.ee\/en\/wp-json\/wp\/v2\/product_cat?post=71240"},{"taxonomy":"product_tag","embeddable":true,"href":"https:\/\/olla.ee\/en\/wp-json\/wp\/v2\/product_tag?post=71240"}],"curies":[{"name":"wp","href":"https:\/\/api.w.org\/{rel}","templated":true}]}}