{"id":70786,"date":"2022-11-07T11:05:30","date_gmt":"2022-11-07T08:05:30","guid":{"rendered":"https:\/\/olla.ee\/?post_type=product&#038;p=70786"},"modified":"2026-03-12T16:20:09","modified_gmt":"2026-03-12T14:20:09","slug":"ilma-sonumita-lai-ja-matt-naistele-kivike-voru-servas","status":"publish","type":"product","link":"https:\/\/olla.ee\/en\/toode\/ilma-sonumita-lai-ja-matt-naistele-kivike-voru-servas\/","title":{"rendered":"OMA S\u00d5NUMIGA \/ lai ja matt naistele, kivike v\u00f5ru servas"},"content":{"rendered":"<p>&nbsp;<\/p>\n<p><strong>&gt;&gt;<\/strong>\u00a0OLLA k\u00e4ev\u00f5rude suurus on disainitud sobima k\u00f5igile, v\u00f5ru saab kerge painutamisega teha vastavalt randmele suuremaks v\u00f5i v\u00e4iksemaks. Kandjad armastavad OLLA v\u00f5rusid: meie\u00a0hinne\u00a0<a href=\"https:\/\/www.facebook.com\/pg\/ollaehe\/reviews\/?ref=page_internal\" target=\"_blank\" rel=\"noopener noreferrer\">klientide hinnangul on 5***** viiest<\/a>.<\/p>\n<p><strong><em>&gt;&gt;\u00a0<\/em>Kui kiiresti v\u00f5ru minuni j\u00f5uab?<\/strong>\u00a0\u2013 Tellimused postitame SmartPOSTi, DPD ja Omniva pakiautomaatidesse igap\u00e4evaselt. Paki kohalej\u00f5udmine v\u00f5tab 1-2 p\u00e4eva.<\/p>\n<p>&nbsp;<\/p>\n","protected":false},"excerpt":{"rendered":"<p>&nbsp;<\/p>\n<p><strong>&gt;&gt;<\/strong> Saadaval: matt must, matt h\u00f5be, matt kuld<\/p>\n<p><strong>&gt;&gt;<\/strong> OLLA k\u00e4ev\u00f5rude suurus on disainitud sobima k\u00f5igile, v\u00f5ru saab kerge painutamisega teha vastavalt randmele suuremaks v\u00f5i v\u00e4iksemaks. Kandjad armastavad OLLA v\u00f5rusid meie\u00a0hinne Facebookis on\u00a0<a href=\"https:\/\/www.facebook.com\/pg\/ollaehe\/reviews\/?ref=page_internal\" target=\"_blank\" rel=\"noopener noreferrer\">19 kliendi hinnangul 5***** viiest<\/a>.<\/p>\n<p><strong><em>&gt;&gt;\u00a0<\/em>Kui kiiresti v\u00f5ru minuni j\u00f5uab?<\/strong> &#8211; Tellimused postitame SmartPOSTi\u00a0igap\u00e4evaselt kell 15:30 Tartu Rebase Rimi pakiautomaati. Vaata <a href=\"http:\/\/uus.smartpost.ee\/pakkide-saatmine\/pakkide-liikumise-graafik\">SIIT<\/a>, kui kiiresti see Sinuni j\u00f5uab. Omniva pakid postitame samal kellaajal ja hommikuti kell 9:00.<\/p>\n","protected":false},"featured_media":69189,"template":"","meta":[],"product_brand":[],"product_cat":[1270,1297],"product_tag":[],"class_list":{"0":"post-70786","1":"product","2":"type-product","3":"status-publish","4":"has-post-thumbnail","6":"product_cat-kaevorud","7":"product_cat-oma-sonumiga-ehted","9":"first","10":"instock","11":"taxable","12":"shipping-taxable","13":"product-type-variable"},"_links":{"self":[{"href":"https:\/\/olla.ee\/en\/wp-json\/wp\/v2\/product\/70786","targetHints":{"allow":["GET"]}}],"collection":[{"href":"https:\/\/olla.ee\/en\/wp-json\/wp\/v2\/product"}],"about":[{"href":"https:\/\/olla.ee\/en\/wp-json\/wp\/v2\/types\/product"}],"wp:featuredmedia":[{"embeddable":true,"href":"https:\/\/olla.ee\/en\/wp-json\/wp\/v2\/media\/69189"}],"wp:attachment":[{"href":"https:\/\/olla.ee\/en\/wp-json\/wp\/v2\/media?parent=70786"}],"wp:term":[{"taxonomy":"product_brand","embeddable":true,"href":"https:\/\/olla.ee\/en\/wp-json\/wp\/v2\/product_brand?post=70786"},{"taxonomy":"product_cat","embeddable":true,"href":"https:\/\/olla.ee\/en\/wp-json\/wp\/v2\/product_cat?post=70786"},{"taxonomy":"product_tag","embeddable":true,"href":"https:\/\/olla.ee\/en\/wp-json\/wp\/v2\/product_tag?post=70786"}],"curies":[{"name":"wp","href":"https:\/\/api.w.org\/{rel}","templated":true}]}}