{"id":70456,"date":"2022-11-07T11:03:55","date_gmt":"2022-11-07T08:03:55","guid":{"rendered":"https:\/\/olla.ee\/?post_type=product&#038;p=70456"},"modified":"2025-11-13T16:58:01","modified_gmt":"2025-11-13T14:58:01","slug":"age-emme-parlitega","status":"publish","type":"product","link":"https:\/\/olla.ee\/en\/toode\/age-emme-parlitega\/","title":{"rendered":"\u00c4GE EMME \/ P\u00e4rlitega"},"content":{"rendered":"","protected":false},"excerpt":{"rendered":"<p><strong>&gt;&gt;\u00a0<\/strong>Nelja millimeetrise l\u00e4bim\u00f5\u00f5duga p\u00e4rlid on valmistatud erineva v\u00e4rvusega kaltsedonkividest (mineraalne poolv\u00e4\u00e4riskivi).<\/p>\n<p><strong>&gt;&gt;\u00a0<\/strong>S\u00f5numiga plaadi pikkus on 4 cm ja laius 40 mm. Plaat on valmistatud roostevabast terasest, see ei m\u00e4\u00e4ri, kriimu ja on allergiavaba.<br \/>\nP\u00e4rlite s\u00f5numiga plaat on disainitud sobima v\u00e4rvide ja l\u00e4bim\u00f5\u00f5du j\u00e4rgi OLLA teiste<a href=\"https:\/\/vana.olla.ee\/tootekategooria\/kaevorud\/\">\u00a0k\u00e4ev\u00f5rudega<\/a>.<\/p>\n<p><strong>&gt;&gt;\u00a0<\/strong>K\u00e4ev\u00f5ru \u00fcmberm\u00f5\u00f5t on 17 -17,5 cm ja p\u00e4rleid \u00fchendav kummipael, teeb v\u00f5ru randme j\u00e4rgi reguleeritavaks. P\u00e4rliv\u00f5rud sobivad keskmistele ja peenematele randmetele.<\/p>\n","protected":false},"featured_media":70471,"template":"","meta":[],"product_brand":[],"product_cat":[15,1299],"product_tag":[],"class_list":{"0":"post-70456","1":"product","2":"type-product","3":"status-publish","4":"has-post-thumbnail","6":"product_cat-emadepaev","7":"product_cat-parlitega-kaevorud","9":"first","10":"instock","11":"taxable","12":"shipping-taxable","13":"product-type-variable"},"_links":{"self":[{"href":"https:\/\/olla.ee\/en\/wp-json\/wp\/v2\/product\/70456","targetHints":{"allow":["GET"]}}],"collection":[{"href":"https:\/\/olla.ee\/en\/wp-json\/wp\/v2\/product"}],"about":[{"href":"https:\/\/olla.ee\/en\/wp-json\/wp\/v2\/types\/product"}],"wp:featuredmedia":[{"embeddable":true,"href":"https:\/\/olla.ee\/en\/wp-json\/wp\/v2\/media\/70471"}],"wp:attachment":[{"href":"https:\/\/olla.ee\/en\/wp-json\/wp\/v2\/media?parent=70456"}],"wp:term":[{"taxonomy":"product_brand","embeddable":true,"href":"https:\/\/olla.ee\/en\/wp-json\/wp\/v2\/product_brand?post=70456"},{"taxonomy":"product_cat","embeddable":true,"href":"https:\/\/olla.ee\/en\/wp-json\/wp\/v2\/product_cat?post=70456"},{"taxonomy":"product_tag","embeddable":true,"href":"https:\/\/olla.ee\/en\/wp-json\/wp\/v2\/product_tag?post=70456"}],"curies":[{"name":"wp","href":"https:\/\/api.w.org\/{rel}","templated":true}]}}