{"id":70373,"date":"2022-11-07T11:03:25","date_gmt":"2022-11-07T08:03:25","guid":{"rendered":"https:\/\/olla.ee\/?post_type=product&#038;p=70373"},"modified":"2023-02-06T12:03:58","modified_gmt":"2023-02-06T10:03:58","slug":"honey-deana-noop-collection","status":"publish","type":"product","link":"https:\/\/olla.ee\/en\/toode\/honey-deana-noop-collection\/","title":{"rendered":"HONEY \/ Deana Noop Collection"},"content":{"rendered":"","protected":false},"excerpt":{"rendered":"<p><em>Hea s\u00f5na on v\u00f5imas. See annab inspiratsiooni, motivatsiooni ja julgust OLLA parem inimene. V\u00f5i lihtsalt OLLA. Sest olemine on miski, mis k\u00e4ib meiega kaasas l\u00e4bi aja.<\/em><\/p>\n<p><em>Neist m\u00f5tetest on kantud ka OLLA ehted, mis aitavad s\u00f5na visualiseerida ja ellu \u00e4ratada. Kanna t\u00e4hendusrikast tsitaati v\u00f5i s\u00f5numit endaga alati kaasas ning ole just see, kes sa tahad OLLA.<\/em><\/p>\n<p><strong>&gt;&gt;SUURUS <\/strong>on muudetav. Painuta k\u00e4ev\u00f5ru just endale parajaks. \u00c4ra muretse, see ei purune.<\/p>\n<p><strong>&gt;&gt; <\/strong>Valmistatud roostevabast terasest. Kriimustuskindel. Ei sisalda niklit<strong> ega p\u00f5hjusta allergiat<\/strong>.<\/p>\n<p><strong>&gt;&gt; <\/strong>Saad valida h\u00f5bedase, roosa, kuldse v\u00f5i mati musta v\u00e4rvuse vahel.<\/p>\n<p><strong>&gt;&gt;<\/strong> Kandjad armastavad OLLA v\u00f5rusid: meie hinne <a href=\"https:\/\/www.facebook.com\/pg\/ollaehe\/reviews\/?ref=page_internal\" target=\"_blank\" rel=\"noopener noreferrer\">klientide hinnangul on 5***** viiest<\/a>.<\/p>\n<p><strong>&gt;&gt;\u00a0Kui kiiresti v\u00f5ru minuni j\u00f5uab?<\/strong> \u2013 Tellimused postitame DPD,\u00a0 SmartPOSTi ja Omniva pakiautomaatidesse k\u00f5ikidel t\u00f6\u00f6p\u00e4evadel. Paki kohalej\u00f5udmine v\u00f5tab 1-2 p\u00e4eva.<\/p>\n<p>&nbsp;<\/p>\n","protected":false},"featured_media":70408,"template":"","meta":[],"product_brand":[],"product_cat":[1270],"product_tag":[],"class_list":{"0":"post-70373","1":"product","2":"type-product","3":"status-publish","4":"has-post-thumbnail","6":"product_cat-kaevorud","8":"first","9":"instock","10":"taxable","11":"shipping-taxable","12":"product-type-variable"},"_links":{"self":[{"href":"https:\/\/olla.ee\/en\/wp-json\/wp\/v2\/product\/70373","targetHints":{"allow":["GET"]}}],"collection":[{"href":"https:\/\/olla.ee\/en\/wp-json\/wp\/v2\/product"}],"about":[{"href":"https:\/\/olla.ee\/en\/wp-json\/wp\/v2\/types\/product"}],"wp:featuredmedia":[{"embeddable":true,"href":"https:\/\/olla.ee\/en\/wp-json\/wp\/v2\/media\/70408"}],"wp:attachment":[{"href":"https:\/\/olla.ee\/en\/wp-json\/wp\/v2\/media?parent=70373"}],"wp:term":[{"taxonomy":"product_brand","embeddable":true,"href":"https:\/\/olla.ee\/en\/wp-json\/wp\/v2\/product_brand?post=70373"},{"taxonomy":"product_cat","embeddable":true,"href":"https:\/\/olla.ee\/en\/wp-json\/wp\/v2\/product_cat?post=70373"},{"taxonomy":"product_tag","embeddable":true,"href":"https:\/\/olla.ee\/en\/wp-json\/wp\/v2\/product_tag?post=70373"}],"curies":[{"name":"wp","href":"https:\/\/api.w.org\/{rel}","templated":true}]}}