{"id":70194,"date":"2022-11-07T11:02:33","date_gmt":"2022-11-07T08:02:33","guid":{"rendered":"https:\/\/olla.ee\/?post_type=product&#038;p=70194"},"modified":"2026-03-07T18:29:09","modified_gmt":"2026-03-07T16:29:09","slug":"oma-sonumiga-kaevoru-meestele","status":"publish","type":"product","link":"https:\/\/olla.ee\/en\/toode\/oma-sonumiga-kaevoru-meestele\/","title":{"rendered":"OMA S\u00d5NUMIGA K\u00c4EV\u00d5RU MEESTELE"},"content":{"rendered":"<p><span style=\"color: #000000;\"><em>NB! Teostame t\u00f6\u00f6p\u00e4evadel 24 h jooksul. Kui tellite oma s\u00f5numiga v\u00f5ru t\u00f6\u00f6p\u00e4evadel enne kella kolme, siis j\u00f5uab v\u00f5ru teieni juba j\u00e4rgmisel v\u00f5i hiljemalt \u00fclej\u00e4rgmisel p\u00e4eval:)<\/em><\/span><\/p>\n<p><strong>&gt;&gt;<\/strong> Saadaval: matt must, h\u00f5be ja kuld<\/p>\n<p><strong>&gt;&gt;<\/strong>\u00a0OLLA k\u00e4ev\u00f5rude suurus on disainitud sobima k\u00f5igile, v\u00f5ru saab kerge painutamisega teha vastavalt randmele suuremaks v\u00f5i v\u00e4iksemaks. Kandjad armastavad OLLA v\u00f5rusid: meie\u00a0hinne\u00a0<a href=\"https:\/\/www.facebook.com\/pg\/ollaehe\/reviews\/?ref=page_internal\" target=\"_blank\" rel=\"noopener noreferrer\">klientide hinnangul on 5***** viiest<\/a>.<\/p>\n<p><strong><em>&gt;&gt;\u00a0<\/em>Kui kiiresti v\u00f5ru minuni j\u00f5uab?<\/strong>\u00a0\u2013 Tellimused postitame SmartPOSTi ja Omniva pakiautomaatidesse igap\u00e4evaselt. Paki kohalej\u00f5udmine v\u00f5tab 1-2 p\u00e4eva.<\/p>\n<p>&nbsp;<\/p>\n","protected":false},"excerpt":{"rendered":"<p>OLLA<strong>\u00a0OMA S\u00d5NUMIGA\u00a0<\/strong>ehete tekstid kantakse v\u00f5rule\u00a0<strong>lasergraveeringuga<\/strong>. Lasergraveeringu tekst on pindmisem kui meie valmiss\u00f5numitega k\u00e4ev\u00f5rudel. Ent tulemus on kaunis ja korrektne. Lasergraveering v\u00f5imaldab oma s\u00f5numeid kiirelt tellida \u2013 postitame tellimused t\u00f6\u00f6p\u00e4evadel 24 tunni jooksul.<\/p>\n<p><a href=\"https:\/\/vana.olla.ee\/tootekategooria\/kaevorud\/\">Valmiss\u00f5numitega k\u00e4ev\u00f5rud<\/a>\u00a0on tehtud s\u00fcvagraveeringuga, mis on aegan\u00f5udev protsess ja vajab j\u00e4relt\u00f6\u00f6tlust. Kui soovite oma s\u00f5numiga ja s\u00fcvagraveeringuga ehet on ooteaeg v\u00e4hemalt \u00fcks kuu. S\u00fcvagraveeringuga ehete tellimused palume saata info@olla.ee<\/p>\n<p><strong>&gt;&gt;<\/strong> OLLA k\u00e4ev\u00f5rude suurus on disainitud sobima k\u00f5igile, v\u00f5ru saab kerge painutamisega teha vastavalt randmele suuremaks v\u00f5i v\u00e4iksemaks. Kandjad armastavad OLLA v\u00f5rusid meie\u00a0hinne Facebookis on\u00a0<a href=\"https:\/\/www.facebook.com\/pg\/ollaehe\/reviews\/?ref=page_internal\" target=\"_blank\" rel=\"noopener noreferrer\">klientide hinnangul 5***** viiest<\/a>.<\/p>\n<p><strong><em>&gt;&gt;\u00a0<\/em>Kui kiiresti v\u00f5ru minuni j\u00f5uab?<\/strong> &#8211; Tellimused postitame SmartPOSTi\u00a0igap\u00e4evaselt kell 15:30 Tartu Rebase Rimi pakiautomaati. Vaata <a href=\"http:\/\/uus.smartpost.ee\/pakkide-saatmine\/pakkide-liikumise-graafik\">SIIT<\/a>, kui kiiresti see Sinuni j\u00f5uab. Omniva pakid postitame samal kellaajal ja hommikuti kell 9:00.<\/p>\n","protected":false},"featured_media":70250,"template":"","meta":[],"product_brand":[],"product_cat":[1334,1335,1273,1297],"product_tag":[],"class_list":{"0":"post-70194","1":"product","2":"type-product","3":"status-publish","4":"has-post-thumbnail","6":"product_cat-isadepaev","7":"product_cat-oma-sonumiga-kaevorud","8":"product_cat-meestele","9":"product_cat-oma-sonumiga-ehted","11":"first","12":"instock","13":"taxable","14":"shipping-taxable","15":"product-type-variable"},"_links":{"self":[{"href":"https:\/\/olla.ee\/en\/wp-json\/wp\/v2\/product\/70194","targetHints":{"allow":["GET"]}}],"collection":[{"href":"https:\/\/olla.ee\/en\/wp-json\/wp\/v2\/product"}],"about":[{"href":"https:\/\/olla.ee\/en\/wp-json\/wp\/v2\/types\/product"}],"wp:featuredmedia":[{"embeddable":true,"href":"https:\/\/olla.ee\/en\/wp-json\/wp\/v2\/media\/70250"}],"wp:attachment":[{"href":"https:\/\/olla.ee\/en\/wp-json\/wp\/v2\/media?parent=70194"}],"wp:term":[{"taxonomy":"product_brand","embeddable":true,"href":"https:\/\/olla.ee\/en\/wp-json\/wp\/v2\/product_brand?post=70194"},{"taxonomy":"product_cat","embeddable":true,"href":"https:\/\/olla.ee\/en\/wp-json\/wp\/v2\/product_cat?post=70194"},{"taxonomy":"product_tag","embeddable":true,"href":"https:\/\/olla.ee\/en\/wp-json\/wp\/v2\/product_tag?post=70194"}],"curies":[{"name":"wp","href":"https:\/\/api.w.org\/{rel}","templated":true}]}}