{"id":70190,"date":"2022-11-07T11:02:33","date_gmt":"2022-11-07T08:02:33","guid":{"rendered":"https:\/\/olla.ee\/?post_type=product&#038;p=70190"},"modified":"2026-01-12T13:59:26","modified_gmt":"2026-01-12T11:59:26","slug":"oma-sonumiga-kaevoru-xs-suurus","status":"publish","type":"product","link":"https:\/\/olla.ee\/en\/toode\/oma-sonumiga-kaevoru-xs-suurus\/","title":{"rendered":"OMA S\u00d5NUMIGA K\u00c4EV\u00d5RU \/OLLAke\/ XS"},"content":{"rendered":"","protected":false},"excerpt":{"rendered":"<p>Laste ja noorte k\u00e4ev\u00f5ru \u00fcmberm\u00f5\u00f5duga 13 cm. K\u00e4ev\u00f5rude suurus on painutusega reguleeritav. Painuta k\u00e4ev\u00f5ru enne iga kandmist just endale parajaks, \u00e4ra muretse, see ei purune<\/p>\n<p>Sobilik suurus 9-16-aastastele.<\/p>\n<p>MATERJAL Roostevaba teras, mis on kriimustus- ja tuhmumiskindel Ei sisalda niklit ega p\u00f5hjusta allergiat Kuld ja roosa kuld: kaetud 18K kullaga H\u00f5be: hoolikalt poleeritud teras.<\/p>\n","protected":false},"featured_media":70238,"template":"","meta":[],"product_brand":[],"product_cat":[1291,1297],"product_tag":[],"class_list":{"0":"post-70190","1":"product","2":"type-product","3":"status-publish","4":"has-post-thumbnail","6":"product_cat-ollake","7":"product_cat-oma-sonumiga-ehted","9":"first","10":"instock","11":"taxable","12":"shipping-taxable","13":"product-type-variable"},"_links":{"self":[{"href":"https:\/\/olla.ee\/en\/wp-json\/wp\/v2\/product\/70190","targetHints":{"allow":["GET"]}}],"collection":[{"href":"https:\/\/olla.ee\/en\/wp-json\/wp\/v2\/product"}],"about":[{"href":"https:\/\/olla.ee\/en\/wp-json\/wp\/v2\/types\/product"}],"wp:featuredmedia":[{"embeddable":true,"href":"https:\/\/olla.ee\/en\/wp-json\/wp\/v2\/media\/70238"}],"wp:attachment":[{"href":"https:\/\/olla.ee\/en\/wp-json\/wp\/v2\/media?parent=70190"}],"wp:term":[{"taxonomy":"product_brand","embeddable":true,"href":"https:\/\/olla.ee\/en\/wp-json\/wp\/v2\/product_brand?post=70190"},{"taxonomy":"product_cat","embeddable":true,"href":"https:\/\/olla.ee\/en\/wp-json\/wp\/v2\/product_cat?post=70190"},{"taxonomy":"product_tag","embeddable":true,"href":"https:\/\/olla.ee\/en\/wp-json\/wp\/v2\/product_tag?post=70190"}],"curies":[{"name":"wp","href":"https:\/\/api.w.org\/{rel}","templated":true}]}}