{"id":70132,"date":"2022-11-07T11:02:14","date_gmt":"2022-11-07T08:02:14","guid":{"rendered":"https:\/\/olla.ee\/?post_type=product&#038;p=70132"},"modified":"2025-12-28T14:13:26","modified_gmt":"2025-12-28T12:13:26","slug":"veevalaja","status":"publish","type":"product","link":"https:\/\/olla.ee\/en\/toode\/veevalaja\/","title":{"rendered":"VEEVALAJA"},"content":{"rendered":"","protected":false},"excerpt":{"rendered":"<p>Mis iseloomustab VEEVALAJAT? \u2199\ufe0f<\/p>\n<p>Energilisus, ideederohkus, uudishimulikkus.<\/p>\n<p><strong>&gt;&gt; <\/strong>OLLA\u00a0k\u00e4ev\u00f5rude suurus on disainitud sobima k\u00f5igile, v\u00f5ru saab kerge painutamisega teha vastavalt randmele suuremaks v\u00f5i v\u00e4iksemaks. Kandjad armastavad OLLA v\u00f5rusid: meie hinne <a href=\"https:\/\/www.facebook.com\/pg\/ollaehe\/reviews\/?ref=page_internal\" target=\"_blank\" rel=\"noopener noreferrer\">klientide hinnangul on 5***** viiest<\/a>.<\/p>\n<p><strong>&gt;&gt; Kui kiiresti v\u00f5ru minuni j\u00f5uab?<\/strong>\u00a0\u2013 Tellimused postitame SmartPOSTi, DPD ja Omniva pakiautomaatidesse igap\u00e4evaselt. Paki kohalej\u00f5udmine v\u00f5tab 1-2 p\u00e4eva.<\/p>\n","protected":false},"featured_media":70178,"template":"","meta":[],"product_brand":[],"product_cat":[1272],"product_tag":[],"class_list":{"0":"post-70132","1":"product","2":"type-product","3":"status-publish","4":"has-post-thumbnail","6":"product_cat-leiunurk","8":"first","9":"instock","10":"sale","11":"taxable","12":"shipping-taxable","13":"product-type-variable"},"_links":{"self":[{"href":"https:\/\/olla.ee\/en\/wp-json\/wp\/v2\/product\/70132","targetHints":{"allow":["GET"]}}],"collection":[{"href":"https:\/\/olla.ee\/en\/wp-json\/wp\/v2\/product"}],"about":[{"href":"https:\/\/olla.ee\/en\/wp-json\/wp\/v2\/types\/product"}],"wp:featuredmedia":[{"embeddable":true,"href":"https:\/\/olla.ee\/en\/wp-json\/wp\/v2\/media\/70178"}],"wp:attachment":[{"href":"https:\/\/olla.ee\/en\/wp-json\/wp\/v2\/media?parent=70132"}],"wp:term":[{"taxonomy":"product_brand","embeddable":true,"href":"https:\/\/olla.ee\/en\/wp-json\/wp\/v2\/product_brand?post=70132"},{"taxonomy":"product_cat","embeddable":true,"href":"https:\/\/olla.ee\/en\/wp-json\/wp\/v2\/product_cat?post=70132"},{"taxonomy":"product_tag","embeddable":true,"href":"https:\/\/olla.ee\/en\/wp-json\/wp\/v2\/product_tag?post=70132"}],"curies":[{"name":"wp","href":"https:\/\/api.w.org\/{rel}","templated":true}]}}