{"id":69891,"date":"2022-11-07T11:01:30","date_gmt":"2022-11-07T08:01:30","guid":{"rendered":"https:\/\/olla.ee\/?post_type=product&#038;p=69891"},"modified":"2026-04-10T13:45:21","modified_gmt":"2026-04-10T11:45:21","slug":"onn-armastab-julgeid","status":"publish","type":"product","link":"https:\/\/olla.ee\/en\/toode\/onn-armastab-julgeid\/","title":{"rendered":"\u00d5NN ARMASTAB JULGEID"},"content":{"rendered":"","protected":false},"excerpt":{"rendered":"<p><span data-offset-key=\"ct776-0-0\">Kuula alati julgelt oma s\u00fcdameh\u00e4\u00e4lt ja intuitsiooni <\/span><span class=\"_3gl1 _5zz4\" data-offset-key=\"ct776-1-0\"><span class=\"_ncl\"><span data-offset-key=\"ct776-1-0\">\u2764\ufe0f<\/span><\/span><\/span><\/p>\n<p><strong>&gt;&gt;<\/strong>\u00a0OLLA k\u00e4ev\u00f5rude suurus on disainitud sobima k\u00f5igile, v\u00f5ru saab kerge painutamisega teha vastavalt randmele suuremaks v\u00f5i v\u00e4iksemaks. Kandjad armastavad OLLA v\u00f5rusid: meie\u00a0hinne\u00a0<a href=\"https:\/\/www.facebook.com\/pg\/ollaehe\/reviews\/?ref=page_internal\" target=\"_blank\" rel=\"noopener noreferrer\">klientide hinnangul on 5***** viiest<\/a>.<\/p>\n<p><strong><em>&gt;&gt;\u00a0<\/em>Kui kiiresti v\u00f5ru minuni j\u00f5uab?<\/strong>\u00a0\u2013 Tellimused postitame SmartPOSTi ja Omniva pakiautomaatidesse igap\u00e4evaselt. Paki kohalej\u00f5udmine v\u00f5tab 1-2 p\u00e4eva.<\/p>\n","protected":false},"featured_media":69924,"template":"","meta":[],"product_brand":[],"product_cat":[1343,1270],"product_tag":[],"class_list":{"0":"post-69891","1":"product","2":"type-product","3":"status-publish","4":"has-post-thumbnail","6":"product_cat-synna8","7":"product_cat-kaevorud","9":"first","10":"instock","11":"taxable","12":"shipping-taxable","13":"product-type-variable"},"_links":{"self":[{"href":"https:\/\/olla.ee\/en\/wp-json\/wp\/v2\/product\/69891","targetHints":{"allow":["GET"]}}],"collection":[{"href":"https:\/\/olla.ee\/en\/wp-json\/wp\/v2\/product"}],"about":[{"href":"https:\/\/olla.ee\/en\/wp-json\/wp\/v2\/types\/product"}],"wp:featuredmedia":[{"embeddable":true,"href":"https:\/\/olla.ee\/en\/wp-json\/wp\/v2\/media\/69924"}],"wp:attachment":[{"href":"https:\/\/olla.ee\/en\/wp-json\/wp\/v2\/media?parent=69891"}],"wp:term":[{"taxonomy":"product_brand","embeddable":true,"href":"https:\/\/olla.ee\/en\/wp-json\/wp\/v2\/product_brand?post=69891"},{"taxonomy":"product_cat","embeddable":true,"href":"https:\/\/olla.ee\/en\/wp-json\/wp\/v2\/product_cat?post=69891"},{"taxonomy":"product_tag","embeddable":true,"href":"https:\/\/olla.ee\/en\/wp-json\/wp\/v2\/product_tag?post=69891"}],"curies":[{"name":"wp","href":"https:\/\/api.w.org\/{rel}","templated":true}]}}