{"id":69496,"date":"2022-11-07T10:59:15","date_gmt":"2022-11-07T07:59:15","guid":{"rendered":"https:\/\/olla.ee\/?post_type=product&#038;p=69496"},"modified":"2026-03-16T15:23:00","modified_gmt":"2026-03-16T13:23:00","slug":"imeline-opetaja-aitah","status":"publish","type":"product","link":"https:\/\/olla.ee\/en\/toode\/imeline-opetaja-aitah\/","title":{"rendered":"IMELINE \u00d5PETAJA * AIT\u00c4H!"},"content":{"rendered":"<p>Toredaid m\u00f5tteid \u00f5pilaste kirjanditest \u201cHea \u00f5petaja\u201d<br \/>\n\u2022 Minu jaoks on hea \u00f5petaja see, kes on targem kui raamat.<br \/>\n\u2022 Hea \u00f5petaja tuleb tundi nii r\u00f5\u00f5msa n\u00e4oga, et kuku v\u00f5i pikali!<br \/>\n\u2022 Hea \u00f5petaja laseb vahepeal spikerdada ka ja ei hakka \u00f5pilastele vastu.<br \/>\n\u2022 \u00d5petaja on hea, kui ta suudab lugeda iga\u00fche k\u00e4ekirja ja ei huvitu liigsest korrektsusest.<br \/>\n\u2022 Ka \u00f5petajad on inimesed, sellep\u00e4rast ongi \u00f5petajad head.<br \/>\n\u2022 Hea \u00f5petaja teeb heaks see, et ta oskab \u00f5pilaste keeles r\u00e4\u00e4kida.<\/p>\n<p><strong>&gt;&gt;<\/strong>\u00a0OLLA k\u00e4ev\u00f5rude suurus on disainitud sobima k\u00f5igile, v\u00f5ru saab kerge painutamisega teha vastavalt randmele suuremaks v\u00f5i v\u00e4iksemaks. Kandjad armastavad OLLA v\u00f5rusid: meie\u00a0hinne\u00a0<a href=\"https:\/\/www.facebook.com\/pg\/ollaehe\/reviews\/?ref=page_internal\" target=\"_blank\" rel=\"noopener noreferrer\">klientide hinnangul on 5***** viiest<\/a>.<\/p>\n<p><strong><em>&gt;&gt;\u00a0<\/em>Kui kiiresti v\u00f5ru minuni j\u00f5uab?<\/strong>\u00a0\u2013 Tellimused postitame SmartPOSTi ja Omniva pakiautomaatidesse igap\u00e4evaselt. Paki kohalej\u00f5udmine v\u00f5tab 1-2 p\u00e4eva<\/p>\n","protected":false},"excerpt":{"rendered":"<p>NB! IMELISE \u00d5PETAJA v\u00f5rud on saadaval APOLLO kauplustes \u00fcle Eesti. Vaata saadavust <a href=\"https:\/\/www.apollo.ee\/catalogsearch\/result\/?cat=0&amp;q=imeline+%C3%B5petaja\">SIIT<\/a>.<\/p>\n<p><strong>&gt;&gt;<\/strong>\u00a0OLLA k\u00e4ev\u00f5rude suurus on disainitud sobima k\u00f5igile, v\u00f5ru saab kerge painutamisega teha vastavalt randmele suuremaks v\u00f5i v\u00e4iksemaks. Kandjad armastavad OLLA v\u00f5rusid: meie\u00a0hinne\u00a0<a href=\"https:\/\/www.facebook.com\/pg\/ollaehe\/reviews\/?ref=page_internal\" target=\"_blank\" rel=\"noopener noreferrer\">klientide hinnangul on 5***** viiest<\/a>.<\/p>\n<p><strong><em>&gt;&gt;\u00a0<\/em>Kui kiiresti v\u00f5ru minuni j\u00f5uab?<\/strong>\u00a0\u2013 Tellimused postitame SmartPOSTi ja Omniva pakiautomaatidesse igap\u00e4evaselt. Paki kohalej\u00f5udmine v\u00f5tab 1-2 p\u00e4eva.<\/p>\n<p>&nbsp;<\/p>\n","protected":false},"featured_media":69519,"template":"","meta":[],"product_brand":[],"product_cat":[1347,1270],"product_tag":[],"class_list":{"0":"post-69496","1":"product","2":"type-product","3":"status-publish","4":"has-post-thumbnail","6":"product_cat-opetajale","7":"product_cat-kaevorud","9":"first","10":"instock","11":"taxable","12":"shipping-taxable","13":"product-type-variable"},"_links":{"self":[{"href":"https:\/\/olla.ee\/en\/wp-json\/wp\/v2\/product\/69496","targetHints":{"allow":["GET"]}}],"collection":[{"href":"https:\/\/olla.ee\/en\/wp-json\/wp\/v2\/product"}],"about":[{"href":"https:\/\/olla.ee\/en\/wp-json\/wp\/v2\/types\/product"}],"wp:featuredmedia":[{"embeddable":true,"href":"https:\/\/olla.ee\/en\/wp-json\/wp\/v2\/media\/69519"}],"wp:attachment":[{"href":"https:\/\/olla.ee\/en\/wp-json\/wp\/v2\/media?parent=69496"}],"wp:term":[{"taxonomy":"product_brand","embeddable":true,"href":"https:\/\/olla.ee\/en\/wp-json\/wp\/v2\/product_brand?post=69496"},{"taxonomy":"product_cat","embeddable":true,"href":"https:\/\/olla.ee\/en\/wp-json\/wp\/v2\/product_cat?post=69496"},{"taxonomy":"product_tag","embeddable":true,"href":"https:\/\/olla.ee\/en\/wp-json\/wp\/v2\/product_tag?post=69496"}],"curies":[{"name":"wp","href":"https:\/\/api.w.org\/{rel}","templated":true}]}}