{"id":69273,"date":"2022-11-07T10:58:15","date_gmt":"2022-11-07T07:58:15","guid":{"rendered":"https:\/\/olla.ee\/?post_type=product&#038;p=69273"},"modified":"2025-07-12T20:04:18","modified_gmt":"2025-07-12T18:04:18","slug":"vanaema-kullakallis-%e2%9d%a4%ef%b8%8f","status":"publish","type":"product","link":"https:\/\/olla.ee\/en\/toode\/vanaema-kullakallis-%e2%9d%a4%ef%b8%8f\/","title":{"rendered":"VANAEMA \/ KULLAKALLIS \u2764\ufe0f"},"content":{"rendered":"<div><\/div>\n<div>\n<p>&gt;&gt; Saadaval: h\u00f5be ja roosa kulla v\u00e4rvi<\/p>\n<\/div>\n<div><\/div>\n<div><strong><em>&gt;&gt;\u00a0<\/em>Kui kiiresti kaelakee minuni j\u00f5uab?<\/strong>\u00a0\u2013 Tellimused postitame SmartPOSTi ja Omniva pakiautomaatidesse igap\u00e4evaselt. Paki kohalej\u00f5udmine v\u00f5tab 1-2 p\u00e4eva.<\/div>\n","protected":false},"excerpt":{"rendered":"<div>\n<div><\/div>\n<p>Kee ripatsi \u00fchel k\u00fcljel on tekst KULLAKALLIS ja teisel k\u00fcljel VANAEMA + kristallike<\/p>\n<div>\n<p>&gt;&gt; Saadaval: h\u00f5be, kulla ja roosa kulla v\u00e4rvi<\/p>\n<\/div>\n<\/div>\n<div><\/div>\n<div><strong><em>&gt;&gt;\u00a0<\/em>Kui kiiresti kaelakee minuni j\u00f5uab?<\/strong> \u2013 Tellimused postitame SmartPOSTi ja Omniva pakiautomaatidesse t\u00f6\u00f6p\u00e4evadel igap\u00e4evaselt. Paki kohalej\u00f5udmine v\u00f5tab\u00a0 1-2 p\u00e4eva.<\/div>\n<div><\/div>\n<div><\/div>\n","protected":false},"featured_media":69291,"template":"","meta":[],"product_brand":[],"product_cat":[1342,1271],"product_tag":[],"class_list":{"0":"post-69273","1":"product","2":"type-product","3":"status-publish","4":"has-post-thumbnail","6":"product_cat-vanavanematepaev2025","7":"product_cat-kaelakeed","9":"first","10":"instock","11":"taxable","12":"shipping-taxable","13":"product-type-variable"},"_links":{"self":[{"href":"https:\/\/olla.ee\/en\/wp-json\/wp\/v2\/product\/69273","targetHints":{"allow":["GET"]}}],"collection":[{"href":"https:\/\/olla.ee\/en\/wp-json\/wp\/v2\/product"}],"about":[{"href":"https:\/\/olla.ee\/en\/wp-json\/wp\/v2\/types\/product"}],"wp:featuredmedia":[{"embeddable":true,"href":"https:\/\/olla.ee\/en\/wp-json\/wp\/v2\/media\/69291"}],"wp:attachment":[{"href":"https:\/\/olla.ee\/en\/wp-json\/wp\/v2\/media?parent=69273"}],"wp:term":[{"taxonomy":"product_brand","embeddable":true,"href":"https:\/\/olla.ee\/en\/wp-json\/wp\/v2\/product_brand?post=69273"},{"taxonomy":"product_cat","embeddable":true,"href":"https:\/\/olla.ee\/en\/wp-json\/wp\/v2\/product_cat?post=69273"},{"taxonomy":"product_tag","embeddable":true,"href":"https:\/\/olla.ee\/en\/wp-json\/wp\/v2\/product_tag?post=69273"}],"curies":[{"name":"wp","href":"https:\/\/api.w.org\/{rel}","templated":true}]}}