{"id":69170,"date":"2022-11-07T10:57:30","date_gmt":"2022-11-07T07:57:30","guid":{"rendered":"https:\/\/olla.ee\/?post_type=product&#038;p=69170"},"modified":"2026-04-05T17:56:22","modified_gmt":"2026-04-05T15:56:22","slug":"koigist-koige-kallim","status":"publish","type":"product","link":"https:\/\/olla.ee\/en\/toode\/koigist-koige-kallim\/","title":{"rendered":"K\u00d5IGIST K\u00d5IGE KALLIM"},"content":{"rendered":"","protected":false},"excerpt":{"rendered":"<p>K\u00d5IGIST K\u00d5IGE KALLIM k\u00e4ev\u00f5rud on saadaval ka APOLLO kauplustes \u00fcle Eesti. Kontrolli saadavust <a href=\"https:\/\/www.apollo.ee\/search?q=K%C3%95IGIST%20K%C3%95IGE%20KALLIM\">SIIT<\/a>.<\/p>\n<p><strong>&gt;&gt;<\/strong>\u00a0OLLA k\u00e4ev\u00f5rude suurus on disainitud sobima k\u00f5igile, v\u00f5ru saab kerge painutamisega teha vastavalt randmele suuremaks v\u00f5i v\u00e4iksemaks. Kandjad armastavad OLLA v\u00f5rusid: meie\u00a0hinne\u00a0<a href=\"https:\/\/www.facebook.com\/pg\/ollaehe\/reviews\/?ref=page_internal\" target=\"_blank\" rel=\"noopener noreferrer\">klientide hinnangul on 5***** viiest<\/a>.<\/p>\n<p><strong><em>&gt;&gt;\u00a0<\/em>Kui kiiresti v\u00f5ru minuni j\u00f5uab?<\/strong>\u00a0\u2013 Tellimused postitame SmartPOSTi ja Omniva pakiautomaatidesse igap\u00e4evaselt. Paki kohalej\u00f5udmine v\u00f5tab 1-2 p\u00e4eva.<\/p>\n<p>&nbsp;<\/p>\n","protected":false},"featured_media":69207,"template":"","meta":[],"product_brand":[],"product_cat":[1337,1336,1342,1270],"product_tag":[],"class_list":{"0":"post-69170","1":"product","2":"type-product","3":"status-publish","4":"has-post-thumbnail","6":"product_cat-naistepaev","7":"product_cat-sobrapaev","8":"product_cat-vanavanematepaev2025","9":"product_cat-kaevorud","11":"first","12":"instock","13":"taxable","14":"shipping-taxable","15":"product-type-variable"},"_links":{"self":[{"href":"https:\/\/olla.ee\/en\/wp-json\/wp\/v2\/product\/69170","targetHints":{"allow":["GET"]}}],"collection":[{"href":"https:\/\/olla.ee\/en\/wp-json\/wp\/v2\/product"}],"about":[{"href":"https:\/\/olla.ee\/en\/wp-json\/wp\/v2\/types\/product"}],"wp:featuredmedia":[{"embeddable":true,"href":"https:\/\/olla.ee\/en\/wp-json\/wp\/v2\/media\/69207"}],"wp:attachment":[{"href":"https:\/\/olla.ee\/en\/wp-json\/wp\/v2\/media?parent=69170"}],"wp:term":[{"taxonomy":"product_brand","embeddable":true,"href":"https:\/\/olla.ee\/en\/wp-json\/wp\/v2\/product_brand?post=69170"},{"taxonomy":"product_cat","embeddable":true,"href":"https:\/\/olla.ee\/en\/wp-json\/wp\/v2\/product_cat?post=69170"},{"taxonomy":"product_tag","embeddable":true,"href":"https:\/\/olla.ee\/en\/wp-json\/wp\/v2\/product_tag?post=69170"}],"curies":[{"name":"wp","href":"https:\/\/api.w.org\/{rel}","templated":true}]}}