{"id":69022,"date":"2022-11-07T10:56:34","date_gmt":"2022-11-07T07:56:34","guid":{"rendered":"https:\/\/olla.ee\/?post_type=product&#038;p=69022"},"modified":"2025-05-21T14:52:25","modified_gmt":"2025-05-21T12:52:25","slug":"naudi-hetke-xs","status":"publish","type":"product","link":"https:\/\/olla.ee\/en\/toode\/naudi-hetke-xs\/","title":{"rendered":"NAUDI HETKE \/ OLLAke"},"content":{"rendered":"","protected":false},"excerpt":{"rendered":"<p>Laste ja noorte k\u00e4ev\u00f5ru \u00fcmberm\u00f5\u00f5duga 13 cm. K\u00e4ev\u00f5rude suurus on painutusega reguleeritav. Painuta k\u00e4ev\u00f5ru enne iga kandmist just endale parajaks, \u00e4ra muretse, see ei purune<\/p>\n<p>Sobilik suurus 9-16-aastastele.<\/p>\n<p>MATERJAL Roostevaba teras, mis on kriimustus- ja tuhmumiskindel Ei sisalda niklit ega p\u00f5hjusta allergiat Kuld ja roosa kuld: kaetud 18K kullaga H\u00f5be: hoolikalt poleeritud teras.<\/p>\n","protected":false},"featured_media":68031,"template":"","meta":[],"product_brand":[],"product_cat":[1291],"product_tag":[],"class_list":{"0":"post-69022","1":"product","2":"type-product","3":"status-publish","4":"has-post-thumbnail","6":"product_cat-ollake","8":"first","9":"instock","10":"taxable","11":"shipping-taxable","12":"product-type-variable"},"_links":{"self":[{"href":"https:\/\/olla.ee\/en\/wp-json\/wp\/v2\/product\/69022","targetHints":{"allow":["GET"]}}],"collection":[{"href":"https:\/\/olla.ee\/en\/wp-json\/wp\/v2\/product"}],"about":[{"href":"https:\/\/olla.ee\/en\/wp-json\/wp\/v2\/types\/product"}],"wp:featuredmedia":[{"embeddable":true,"href":"https:\/\/olla.ee\/en\/wp-json\/wp\/v2\/media\/68031"}],"wp:attachment":[{"href":"https:\/\/olla.ee\/en\/wp-json\/wp\/v2\/media?parent=69022"}],"wp:term":[{"taxonomy":"product_brand","embeddable":true,"href":"https:\/\/olla.ee\/en\/wp-json\/wp\/v2\/product_brand?post=69022"},{"taxonomy":"product_cat","embeddable":true,"href":"https:\/\/olla.ee\/en\/wp-json\/wp\/v2\/product_cat?post=69022"},{"taxonomy":"product_tag","embeddable":true,"href":"https:\/\/olla.ee\/en\/wp-json\/wp\/v2\/product_tag?post=69022"}],"curies":[{"name":"wp","href":"https:\/\/api.w.org\/{rel}","templated":true}]}}