{"id":69018,"date":"2022-11-07T10:56:33","date_gmt":"2022-11-07T07:56:33","guid":{"rendered":"https:\/\/olla.ee\/?post_type=product&#038;p=69018"},"modified":"2025-05-12T22:40:42","modified_gmt":"2025-05-12T20:40:42","slug":"taiuslik-tutar-xs","status":"publish","type":"product","link":"https:\/\/olla.ee\/en\/toode\/taiuslik-tutar-xs\/","title":{"rendered":"T\u00c4IUSLIK T\u00dcTAR \/ OLLAke"},"content":{"rendered":"","protected":false},"excerpt":{"rendered":"<p>Laste ja noorte k\u00e4ev\u00f5ru \u00fcmberm\u00f5\u00f5duga 13 cm. K\u00e4ev\u00f5rude suurus on painutusega reguleeritav. Painuta k\u00e4ev\u00f5ru enne iga kandmist just endale parajaks, \u00e4ra muretse, see ei purune<\/p>\n<p>Sobilik suurus 9-16-aastastele.<\/p>\n<p>MATERJAL Roostevaba teras, mis on kriimustus- ja tuhmumiskindel Ei sisalda niklit ega p\u00f5hjusta allergiat Kuld ja roosa kuld: kaetud 18K kullaga H\u00f5be: hoolikalt poleeritud teras.<\/p>\n<p><strong><em>&gt;&gt;\u00a0<\/em>Kui kiiresti v\u00f5ru minuni j\u00f5uab?<\/strong>\u00a0\u2013 Tellimused postitame SmartPOSTi ja Omniva pakiautomaatidesse igap\u00e4evaselt. Paki kohalej\u00f5udmine v\u00f5tab 1-2 p\u00e4eva.<\/p>\n<p>&nbsp;<\/p>\n","protected":false},"featured_media":68721,"template":"","meta":[],"product_brand":[],"product_cat":[1270,1291],"product_tag":[],"class_list":{"0":"post-69018","1":"product","2":"type-product","3":"status-publish","4":"has-post-thumbnail","6":"product_cat-kaevorud","7":"product_cat-ollake","9":"first","10":"instock","11":"taxable","12":"shipping-taxable","13":"product-type-variable"},"_links":{"self":[{"href":"https:\/\/olla.ee\/en\/wp-json\/wp\/v2\/product\/69018","targetHints":{"allow":["GET"]}}],"collection":[{"href":"https:\/\/olla.ee\/en\/wp-json\/wp\/v2\/product"}],"about":[{"href":"https:\/\/olla.ee\/en\/wp-json\/wp\/v2\/types\/product"}],"wp:featuredmedia":[{"embeddable":true,"href":"https:\/\/olla.ee\/en\/wp-json\/wp\/v2\/media\/68721"}],"wp:attachment":[{"href":"https:\/\/olla.ee\/en\/wp-json\/wp\/v2\/media?parent=69018"}],"wp:term":[{"taxonomy":"product_brand","embeddable":true,"href":"https:\/\/olla.ee\/en\/wp-json\/wp\/v2\/product_brand?post=69018"},{"taxonomy":"product_cat","embeddable":true,"href":"https:\/\/olla.ee\/en\/wp-json\/wp\/v2\/product_cat?post=69018"},{"taxonomy":"product_tag","embeddable":true,"href":"https:\/\/olla.ee\/en\/wp-json\/wp\/v2\/product_tag?post=69018"}],"curies":[{"name":"wp","href":"https:\/\/api.w.org\/{rel}","templated":true}]}}