{"id":68964,"date":"2022-11-07T10:56:15","date_gmt":"2022-11-07T07:56:15","guid":{"rendered":"https:\/\/olla.ee\/?post_type=product&#038;p=68964"},"modified":"2025-04-03T09:46:59","modified_gmt":"2025-04-03T07:46:59","slug":"5-opetaja-per-aspera-ad-astra","status":"publish","type":"product","link":"https:\/\/olla.ee\/en\/toode\/5-opetaja-per-aspera-ad-astra\/","title":{"rendered":"5+ \u00d5PETAJA \/ PER ASPERA AD ASTRA"},"content":{"rendered":"","protected":false},"excerpt":{"rendered":"<div>\n<p>&nbsp;<\/p>\n<p>Kee ripatsi \u00fchel k\u00fcljel on tekst 5+ \u00d5PETAJA ja teisel k\u00fcljel PER ASPERA AD ASTRA<\/p>\n<p>&gt;&gt; Saadaval: h\u00f5be, kulla ja roosa kulla v\u00e4rvi<\/p>\n<\/div>\n<div><\/div>\n<div><strong><em>&gt;&gt;\u00a0<\/em>Kui kiiresti kaelakee minuni j\u00f5uab?<\/strong>\u00a0\u2013 Tellimused postitame SmartPOSTi ja Omniva pakiautomaatidesse igap\u00e4evaselt. Paki kohalej\u00f5udmine v\u00f5tab 1-2 p\u00e4eva.<\/div>\n<div><\/div>\n<div><\/div>\n","protected":false},"featured_media":69001,"template":"","meta":[],"product_brand":[],"product_cat":[1347,1271],"product_tag":[],"class_list":{"0":"post-68964","1":"product","2":"type-product","3":"status-publish","4":"has-post-thumbnail","6":"product_cat-opetajale","7":"product_cat-kaelakeed","9":"first","10":"instock","11":"taxable","12":"shipping-taxable","13":"product-type-variable"},"_links":{"self":[{"href":"https:\/\/olla.ee\/en\/wp-json\/wp\/v2\/product\/68964","targetHints":{"allow":["GET"]}}],"collection":[{"href":"https:\/\/olla.ee\/en\/wp-json\/wp\/v2\/product"}],"about":[{"href":"https:\/\/olla.ee\/en\/wp-json\/wp\/v2\/types\/product"}],"wp:featuredmedia":[{"embeddable":true,"href":"https:\/\/olla.ee\/en\/wp-json\/wp\/v2\/media\/69001"}],"wp:attachment":[{"href":"https:\/\/olla.ee\/en\/wp-json\/wp\/v2\/media?parent=68964"}],"wp:term":[{"taxonomy":"product_brand","embeddable":true,"href":"https:\/\/olla.ee\/en\/wp-json\/wp\/v2\/product_brand?post=68964"},{"taxonomy":"product_cat","embeddable":true,"href":"https:\/\/olla.ee\/en\/wp-json\/wp\/v2\/product_cat?post=68964"},{"taxonomy":"product_tag","embeddable":true,"href":"https:\/\/olla.ee\/en\/wp-json\/wp\/v2\/product_tag?post=68964"}],"curies":[{"name":"wp","href":"https:\/\/api.w.org\/{rel}","templated":true}]}}