{"id":68896,"date":"2022-11-07T10:55:52","date_gmt":"2022-11-07T07:55:52","guid":{"rendered":"https:\/\/olla.ee\/?post_type=product&#038;p=68896"},"modified":"2025-11-29T11:33:57","modified_gmt":"2025-11-29T09:33:57","slug":"armasta-unista-naerata-xs-suurus","status":"publish","type":"product","link":"https:\/\/olla.ee\/en\/toode\/armasta-unista-naerata-xs-suurus\/","title":{"rendered":"ARMASTA. UNISTA. NAERATA \/ OLLAke"},"content":{"rendered":"","protected":false},"excerpt":{"rendered":"<p>Laste ja noorte k\u00e4ev\u00f5ru \u00fcmberm\u00f5\u00f5duga 13 cm. K\u00e4ev\u00f5rude suurus on painutusega reguleeritav. Painuta k\u00e4ev\u00f5ru enne iga kandmist just endale parajaks, \u00e4ra muretse, see ei purune<\/p>\n<p>Sobilik suurus 9-16-aastastele.<\/p>\n<p>MATERJAL Roostevaba teras, mis on kriimustus- ja tuhmumiskindel Ei sisalda niklit ega p\u00f5hjusta allergiat Kuld ja roosa kuld: kaetud 18K kullaga H\u00f5be: hoolikalt poleeritud teras.<\/p>\n<p>&gt;&gt; Kui kiiresti v\u00f5ru minuni j\u00f5uab? \u2013 Tellimused postitame DPD; SmartPOSTi ja Omniva pakiautomaatidesse igap\u00e4evaselt. Paki kohalej\u00f5udmine v\u00f5tab 1-2 p\u00e4eva.<\/p>\n<p><strong><em>&gt;&gt;\u00a0<\/em>Kui kiiresti v\u00f5ru minuni j\u00f5uab?<\/strong> &#8211; Tellimused postitame SmartPOSTi ja Omniva pakiautomaatidesse k\u00f5ikidel t\u00f6\u00f6p\u00e4evadel. Paki kohalej\u00f5udmine v\u00f5tab 1-2 p\u00e4eva<\/p>\n","protected":false},"featured_media":68252,"template":"","meta":[],"product_brand":[],"product_cat":[1325,1291],"product_tag":[],"class_list":{"0":"post-68896","1":"product","2":"type-product","3":"status-publish","4":"has-post-thumbnail","6":"product_cat-uus","7":"product_cat-ollake","9":"first","10":"instock","11":"taxable","12":"shipping-taxable","13":"product-type-variable"},"_links":{"self":[{"href":"https:\/\/olla.ee\/en\/wp-json\/wp\/v2\/product\/68896","targetHints":{"allow":["GET"]}}],"collection":[{"href":"https:\/\/olla.ee\/en\/wp-json\/wp\/v2\/product"}],"about":[{"href":"https:\/\/olla.ee\/en\/wp-json\/wp\/v2\/types\/product"}],"wp:featuredmedia":[{"embeddable":true,"href":"https:\/\/olla.ee\/en\/wp-json\/wp\/v2\/media\/68252"}],"wp:attachment":[{"href":"https:\/\/olla.ee\/en\/wp-json\/wp\/v2\/media?parent=68896"}],"wp:term":[{"taxonomy":"product_brand","embeddable":true,"href":"https:\/\/olla.ee\/en\/wp-json\/wp\/v2\/product_brand?post=68896"},{"taxonomy":"product_cat","embeddable":true,"href":"https:\/\/olla.ee\/en\/wp-json\/wp\/v2\/product_cat?post=68896"},{"taxonomy":"product_tag","embeddable":true,"href":"https:\/\/olla.ee\/en\/wp-json\/wp\/v2\/product_tag?post=68896"}],"curies":[{"name":"wp","href":"https:\/\/api.w.org\/{rel}","templated":true}]}}