{"id":68836,"date":"2022-11-07T10:55:26","date_gmt":"2022-11-07T07:55:26","guid":{"rendered":"https:\/\/olla.ee\/?post_type=product&#038;p=68836"},"modified":"2026-03-07T22:32:07","modified_gmt":"2026-03-07T20:32:07","slug":"naudi-hetke-alati-mu-sudames","status":"publish","type":"product","link":"https:\/\/olla.ee\/en\/toode\/naudi-hetke-alati-mu-sudames\/","title":{"rendered":"NAUDI HETKE \/ ALATI MU S\u00dcDAMES"},"content":{"rendered":"<div>\n<p>\u00d5nneliku inimese \u00fcks tundem\u00e4rk on oskus nautida hetke. Sealjuures \u00fctleb s\u00f5na \u201chetk\u201d juba \u00e4ra, et selleks ei pea kulutama palju aega. K\u00fcsimus on pigem oskuses v\u00f5i tahtmises sellist viivu leida. See v\u00f5ru aitab Sulle meelde tuletada oskust ja vajadust endale hetke nautida. OLLA hetkes! Iga hetk on m\u00f6\u00f6duv. Seega kui n\u00e4ed midagi ilusat, siis naudi seda, sest ilusaid hetki ei saa salvestada \u2026<strong>NAUDI HETKE<\/strong><\/p>\n<\/div>\n<p>Minu armastus Sinu vastu \u2013 alati v\u00e4hem kui homme, kuid rohkem kui eile \u2013 igavesti. \u00dckski vahemaa, \u00fckski kaugus ei pane Sind unustama\u2026Sinu jaoks on alati koht mu s\u00fcdames\u2026<strong>ALATI MU S\u00dcDAMES<\/strong><\/p>\n<div>\n<p>Kee ripatsi \u00fchel k\u00fcljel on tekst NAUDI HETKE ja teisel k\u00fcljel ALATI MU S\u00dcDAMES + kristallike<\/p>\n<p>&gt;&gt; Saadaval: h\u00f5be, kulla ja roosa kulla v\u00e4rvi<\/p>\n<\/div>\n<div><\/div>\n<div><strong><em>&gt;&gt;\u00a0<\/em>Kui kiiresti kaelakee minuni j\u00f5uab?<\/strong>\u00a0\u2013 Tellimused postitame SmartPOSTi ja Omniva pakiautomaatidesse igap\u00e4evaselt. Paki kohalej\u00f5udmine v\u00f5tab 1-2 p\u00e4eva.<\/div>\n","protected":false},"excerpt":{"rendered":"<div>\n<div>\n<p>\u00d5nneliku inimese \u00fcks tundem\u00e4rk on oskus nautida hetke. Sealjuures \u00fctleb s\u00f5na \u201chetk\u201d juba \u00e4ra, et selleks ei pea kulutama palju aega. K\u00fcsimus on pigem oskuses v\u00f5i tahtmises sellist viivu leida. See v\u00f5ru aitab Sulle meelde tuletada oskust ja vajadust endale hetke nautida. OLLA hetkes! Iga hetk on m\u00f6\u00f6duv. Seega kui n\u00e4ed midagi ilusat, siis naudi seda, sest ilusaid hetki ei saa salvestada \u2026<strong>NAUDI HETKE<\/strong><\/p>\n<\/div>\n<p>Minu armastus Sinu vastu \u2013 alati v\u00e4hem kui homme, kuid rohkem kui eile \u2013 igavesti. \u00dckski vahemaa, \u00fckski kaugus ei pane Sind unustama\u2026Sinu jaoks on alati koht mu s\u00fcdames\u2026<strong>ALATI MU S\u00dcDAMES<\/strong><\/p>\n<div>\n<p>Kee ripatsi \u00fchel k\u00fcljel on tekst NAUDI HETKE ja teisel k\u00fcljel ALATI MU S\u00dcDAMES + kristallike<\/p>\n<p>&gt;&gt; Saadaval: h\u00f5be, kulla ja roosa kulla v\u00e4rvi<\/p>\n<\/div>\n<p>unusta NAERATADA<\/p>\n<p>Kee ripatsi \u00fchel k\u00fcljel on tekst NAERATA ja teisel k\u00fcljel \u00d5NN ON ELUVIIS<\/p>\n<p>&gt;&gt; Saadaval: h\u00f5be, kulla ja roosa kulla v\u00e4rvi<\/p>\n<\/div>\n<div><\/div>\n<div><strong><em>&gt;&gt;\u00a0<\/em>Kui kiiresti kaelakee minuni j\u00f5uab?<\/strong>\u00a0\u2013 Tellimused postitame SmartPOSTi ja Omniva pakiautomaatidesse igap\u00e4evaselt. Paki kohalej\u00f5udmine v\u00f5tab 1-2 p\u00e4eva.<\/div>\n<div><\/div>\n<div><\/div>\n","protected":false},"featured_media":68875,"template":"","meta":[],"product_brand":[],"product_cat":[1271],"product_tag":[],"class_list":{"0":"post-68836","1":"product","2":"type-product","3":"status-publish","4":"has-post-thumbnail","6":"product_cat-kaelakeed","8":"first","9":"instock","10":"taxable","11":"shipping-taxable","12":"purchasable","13":"product-type-variable"},"_links":{"self":[{"href":"https:\/\/olla.ee\/en\/wp-json\/wp\/v2\/product\/68836","targetHints":{"allow":["GET"]}}],"collection":[{"href":"https:\/\/olla.ee\/en\/wp-json\/wp\/v2\/product"}],"about":[{"href":"https:\/\/olla.ee\/en\/wp-json\/wp\/v2\/types\/product"}],"wp:featuredmedia":[{"embeddable":true,"href":"https:\/\/olla.ee\/en\/wp-json\/wp\/v2\/media\/68875"}],"wp:attachment":[{"href":"https:\/\/olla.ee\/en\/wp-json\/wp\/v2\/media?parent=68836"}],"wp:term":[{"taxonomy":"product_brand","embeddable":true,"href":"https:\/\/olla.ee\/en\/wp-json\/wp\/v2\/product_brand?post=68836"},{"taxonomy":"product_cat","embeddable":true,"href":"https:\/\/olla.ee\/en\/wp-json\/wp\/v2\/product_cat?post=68836"},{"taxonomy":"product_tag","embeddable":true,"href":"https:\/\/olla.ee\/en\/wp-json\/wp\/v2\/product_tag?post=68836"}],"curies":[{"name":"wp","href":"https:\/\/api.w.org\/{rel}","templated":true}]}}