{"id":68290,"date":"2022-11-07T10:52:02","date_gmt":"2022-11-07T07:52:02","guid":{"rendered":"https:\/\/olla.ee\/?post_type=product&#038;p=68290"},"modified":"2025-11-28T10:56:54","modified_gmt":"2025-11-28T08:56:54","slug":"naerata-onn-on-eluviis","status":"publish","type":"product","link":"https:\/\/olla.ee\/en\/toode\/naerata-onn-on-eluviis\/","title":{"rendered":"NAERATA \/ \u00d5NN ON ELUVIIS"},"content":{"rendered":"","protected":false},"excerpt":{"rendered":"<div>\n<p>\u00d5nne valem peitub lihtsuses ja oskuses v\u00e4\u00e4rtustada olemasolevat. <strong>\u00d5nn ei ole eesm\u00e4rk, vaid eluviis.<\/strong><br \/>\n\/\/Lepi iseendaga \/ \u00c4ra kadesta teisi \/ Kasva inimesena \/ Leia iga p\u00e4ev midagi, millega rahul olla \/ Lepi muutuste ja asjadega, mida sa muuta ei saa \/\/<\/p>\n<p>&#8230;ja \u00e4ra unusta NAERATADA<\/p>\n<p>Kee ripatsi \u00fchel k\u00fcljel on tekst NAERATA ja teisel k\u00fcljel \u00d5NN ON ELUVIIS<\/p>\n<p>&gt;&gt; Saadaval: h\u00f5be, kulla ja roosa kulla v\u00e4rvi<\/p>\n<\/div>\n<div><\/div>\n<div><strong><em>&gt;&gt;\u00a0<\/em>Kui kiiresti kaelakee minuni j\u00f5uab?<\/strong>\u00a0\u2013 Tellimused postitame SmartPOSTi ja Omniva pakiautomaatidesse igap\u00e4evaselt. Paki kohalej\u00f5udmine v\u00f5tab 1-2 p\u00e4eva.<\/div>\n<div><\/div>\n<div><\/div>\n","protected":false},"featured_media":68325,"template":"","meta":[],"product_brand":[],"product_cat":[1271],"product_tag":[],"class_list":{"0":"post-68290","1":"product","2":"type-product","3":"status-publish","4":"has-post-thumbnail","6":"product_cat-kaelakeed","8":"first","9":"instock","10":"taxable","11":"shipping-taxable","12":"product-type-variable","13":"has-default-attributes"},"_links":{"self":[{"href":"https:\/\/olla.ee\/en\/wp-json\/wp\/v2\/product\/68290","targetHints":{"allow":["GET"]}}],"collection":[{"href":"https:\/\/olla.ee\/en\/wp-json\/wp\/v2\/product"}],"about":[{"href":"https:\/\/olla.ee\/en\/wp-json\/wp\/v2\/types\/product"}],"wp:featuredmedia":[{"embeddable":true,"href":"https:\/\/olla.ee\/en\/wp-json\/wp\/v2\/media\/68325"}],"wp:attachment":[{"href":"https:\/\/olla.ee\/en\/wp-json\/wp\/v2\/media?parent=68290"}],"wp:term":[{"taxonomy":"product_brand","embeddable":true,"href":"https:\/\/olla.ee\/en\/wp-json\/wp\/v2\/product_brand?post=68290"},{"taxonomy":"product_cat","embeddable":true,"href":"https:\/\/olla.ee\/en\/wp-json\/wp\/v2\/product_cat?post=68290"},{"taxonomy":"product_tag","embeddable":true,"href":"https:\/\/olla.ee\/en\/wp-json\/wp\/v2\/product_tag?post=68290"}],"curies":[{"name":"wp","href":"https:\/\/api.w.org\/{rel}","templated":true}]}}