{"id":68207,"date":"2022-11-07T10:51:21","date_gmt":"2022-11-07T07:51:21","guid":{"rendered":"https:\/\/olla.ee\/?post_type=product&#038;p=68207"},"modified":"2026-03-10T17:41:06","modified_gmt":"2026-03-10T15:41:06","slug":"armasta-unista-naerata","status":"publish","type":"product","link":"https:\/\/olla.ee\/en\/toode\/armasta-unista-naerata\/","title":{"rendered":"ARMASTA. UNISTA. NAERATA."},"content":{"rendered":"","protected":false},"excerpt":{"rendered":"<p><strong>&gt;&gt;<\/strong> OLLA k\u00e4ev\u00f5rude suurus on disainitud sobima k\u00f5igile, v\u00f5ru saab kerge painutamisega teha vastavalt randmele suuremaks v\u00f5i v\u00e4iksemaks. Kandjad armastavad OLLA v\u00f5rusid: meie\u00a0hinne\u00a0<a href=\"https:\/\/www.facebook.com\/pg\/ollaehe\/reviews\/?ref=page_internal\" target=\"_blank\" rel=\"noopener noreferrer\">klientide hinnangul on 5***** viiest<\/a>.<\/p>\n<p><strong><em>&gt;&gt;\u00a0<\/em>Kui kiiresti v\u00f5ru minuni j\u00f5uab?<\/strong> &#8211; Tellimused postitame SmartPOSTi, DPD ja Omniva pakiautomaatidesse igap\u00e4evaselt. Paki kohalej\u00f5udmine v\u00f5tab 1-2 p\u00e4eva.<\/p>\n","protected":false},"featured_media":68252,"template":"","meta":[],"product_brand":[],"product_cat":[1270],"product_tag":[],"class_list":{"0":"post-68207","1":"product","2":"type-product","3":"status-publish","4":"has-post-thumbnail","6":"product_cat-kaevorud","8":"first","9":"instock","10":"taxable","11":"shipping-taxable","12":"product-type-variable"},"_links":{"self":[{"href":"https:\/\/olla.ee\/en\/wp-json\/wp\/v2\/product\/68207","targetHints":{"allow":["GET"]}}],"collection":[{"href":"https:\/\/olla.ee\/en\/wp-json\/wp\/v2\/product"}],"about":[{"href":"https:\/\/olla.ee\/en\/wp-json\/wp\/v2\/types\/product"}],"wp:featuredmedia":[{"embeddable":true,"href":"https:\/\/olla.ee\/en\/wp-json\/wp\/v2\/media\/68252"}],"wp:attachment":[{"href":"https:\/\/olla.ee\/en\/wp-json\/wp\/v2\/media?parent=68207"}],"wp:term":[{"taxonomy":"product_brand","embeddable":true,"href":"https:\/\/olla.ee\/en\/wp-json\/wp\/v2\/product_brand?post=68207"},{"taxonomy":"product_cat","embeddable":true,"href":"https:\/\/olla.ee\/en\/wp-json\/wp\/v2\/product_cat?post=68207"},{"taxonomy":"product_tag","embeddable":true,"href":"https:\/\/olla.ee\/en\/wp-json\/wp\/v2\/product_tag?post=68207"}],"curies":[{"name":"wp","href":"https:\/\/api.w.org\/{rel}","templated":true}]}}