{"id":67889,"date":"2022-11-07T10:48:19","date_gmt":"2022-11-07T07:48:19","guid":{"rendered":"https:\/\/olla.ee\/?post_type=product&#038;p=67889"},"modified":"2026-01-07T21:14:24","modified_gmt":"2026-01-07T19:14:24","slug":"choose-joy","status":"publish","type":"product","link":"https:\/\/olla.ee\/en\/toode\/choose-joy\/","title":{"rendered":"CHOOSE JOY"},"content":{"rendered":"<p><strong>&gt;&gt;<\/strong>\u00a0Saadaval:\u00a0 roosa, kulla ja h\u00f5be v\u00e4rvi<\/p>\n<p><strong>&gt;&gt;<\/strong> OLLA k\u00e4ev\u00f5rude suurus on disainitud sobima k\u00f5igile, v\u00f5ru saab kerge painutamisega teha vastavalt randmele suuremaks v\u00f5i v\u00e4iksemaks. Kandjad armastavad OLLA v\u00f5rusid meie\u00a0hinne Facebookis on\u00a0<a href=\"https:\/\/www.facebook.com\/pg\/ollaehe\/reviews\/?ref=page_internal\" target=\"_blank\" rel=\"noopener noreferrer\">klientide hinnangul 5***** viiest<\/a>.<\/p>\n<p><strong><em>&gt;&gt;\u00a0<\/em>Kui kiiresti v\u00f5ru minuni j\u00f5uab?<\/strong> &#8211; Tellimused postitame igap\u00e4evaselt ja need j\u00f5uavad teieni 1-2 t\u00f6\u00f6p\u00e4eva j0oksul.<\/p>\n","protected":false},"excerpt":{"rendered":"<p>&gt;&gt;\u00a0Saadaval:\u00a0 roosa, kulla ja h\u00f5be v\u00e4rvi &gt;&gt; OLLA k\u00e4ev\u00f5rude suurus on disainitud sobima k\u00f5igile, v\u00f5ru&#8230;<\/p>\n","protected":false},"featured_media":68055,"template":"","meta":[],"product_brand":[],"product_cat":[1270],"product_tag":[],"class_list":{"0":"post-67889","1":"product","2":"type-product","3":"status-publish","4":"has-post-thumbnail","6":"product_cat-kaevorud","8":"first","9":"instock","10":"taxable","11":"shipping-taxable","12":"product-type-variable"},"_links":{"self":[{"href":"https:\/\/olla.ee\/en\/wp-json\/wp\/v2\/product\/67889","targetHints":{"allow":["GET"]}}],"collection":[{"href":"https:\/\/olla.ee\/en\/wp-json\/wp\/v2\/product"}],"about":[{"href":"https:\/\/olla.ee\/en\/wp-json\/wp\/v2\/types\/product"}],"wp:featuredmedia":[{"embeddable":true,"href":"https:\/\/olla.ee\/en\/wp-json\/wp\/v2\/media\/68055"}],"wp:attachment":[{"href":"https:\/\/olla.ee\/en\/wp-json\/wp\/v2\/media?parent=67889"}],"wp:term":[{"taxonomy":"product_brand","embeddable":true,"href":"https:\/\/olla.ee\/en\/wp-json\/wp\/v2\/product_brand?post=67889"},{"taxonomy":"product_cat","embeddable":true,"href":"https:\/\/olla.ee\/en\/wp-json\/wp\/v2\/product_cat?post=67889"},{"taxonomy":"product_tag","embeddable":true,"href":"https:\/\/olla.ee\/en\/wp-json\/wp\/v2\/product_tag?post=67889"}],"curies":[{"name":"wp","href":"https:\/\/api.w.org\/{rel}","templated":true}]}}