{"id":67859,"date":"2022-11-07T10:47:56","date_gmt":"2022-11-07T07:47:56","guid":{"rendered":"https:\/\/olla.ee\/?post_type=product&#038;p=67859"},"modified":"2025-06-22T13:55:27","modified_gmt":"2025-06-22T11:55:27","slug":"naudi-hetke","status":"publish","type":"product","link":"https:\/\/olla.ee\/en\/toode\/naudi-hetke\/","title":{"rendered":"NAUDI HETKE"},"content":{"rendered":"","protected":false},"excerpt":{"rendered":"<p>\u00d5nneliku inimese \u00fcks tundem\u00e4rk on oskus nautida hetke. Sealjuures \u00fctleb s\u00f5na &#8220;hetk&#8221; juba \u00e4ra, et selleks ei pea kulutama palju aega. K\u00fcsimus on pigem oskuses v\u00f5i tahtmises sellist viivu leida. See v\u00f5ru aitab Sulle meelde tuletada oskust ja vajadust endale hetke nautida. OLLA hetkes! Iga hetk on m\u00f6\u00f6duv. Seega kui n\u00e4ed midagi ilusat, siis naudi seda, sest ilusaid hetki ei saa salvestada &#8230;<\/p>\n<p>&nbsp;<\/p>\n<p><strong>&gt;&gt;<\/strong>\u00a0OLLA k\u00e4ev\u00f5rude suurus on disainitud sobima k\u00f5igile, v\u00f5ru saab kerge painutamisega teha vastavalt randmele suuremaks v\u00f5i v\u00e4iksemaks. Kandjad armastavad OLLA v\u00f5rusid: meie\u00a0hinne\u00a0<a href=\"https:\/\/www.facebook.com\/pg\/ollaehe\/reviews\/?ref=page_internal\" target=\"_blank\" rel=\"noopener noreferrer\">klientide hinnangul on 5***** viiest<\/a>.<\/p>\n<p><strong><em>&gt;&gt;\u00a0<\/em>Kui kiiresti v\u00f5ru minuni j\u00f5uab?<\/strong>\u00a0\u2013 Tellimused postitame SmartPOSTi ja Omniva pakiautomaatidesse igap\u00e4evaselt. Paki kohalej\u00f5udmine v\u00f5tab 1-2 p\u00e4eva.<\/p>\n<p>&nbsp;<\/p>\n","protected":false},"featured_media":68031,"template":"","meta":[],"product_brand":[],"product_cat":[1270],"product_tag":[],"class_list":{"0":"post-67859","1":"product","2":"type-product","3":"status-publish","4":"has-post-thumbnail","6":"product_cat-kaevorud","8":"first","9":"instock","10":"taxable","11":"shipping-taxable","12":"product-type-variable"},"_links":{"self":[{"href":"https:\/\/olla.ee\/en\/wp-json\/wp\/v2\/product\/67859","targetHints":{"allow":["GET"]}}],"collection":[{"href":"https:\/\/olla.ee\/en\/wp-json\/wp\/v2\/product"}],"about":[{"href":"https:\/\/olla.ee\/en\/wp-json\/wp\/v2\/types\/product"}],"wp:featuredmedia":[{"embeddable":true,"href":"https:\/\/olla.ee\/en\/wp-json\/wp\/v2\/media\/68031"}],"wp:attachment":[{"href":"https:\/\/olla.ee\/en\/wp-json\/wp\/v2\/media?parent=67859"}],"wp:term":[{"taxonomy":"product_brand","embeddable":true,"href":"https:\/\/olla.ee\/en\/wp-json\/wp\/v2\/product_brand?post=67859"},{"taxonomy":"product_cat","embeddable":true,"href":"https:\/\/olla.ee\/en\/wp-json\/wp\/v2\/product_cat?post=67859"},{"taxonomy":"product_tag","embeddable":true,"href":"https:\/\/olla.ee\/en\/wp-json\/wp\/v2\/product_tag?post=67859"}],"curies":[{"name":"wp","href":"https:\/\/api.w.org\/{rel}","templated":true}]}}