{"id":67858,"date":"2022-11-07T10:47:56","date_gmt":"2022-11-07T07:47:56","guid":{"rendered":"https:\/\/olla.ee\/?post_type=product&#038;p=67858"},"modified":"2026-04-05T23:13:07","modified_gmt":"2026-04-05T21:13:07","slug":"unista-suurelt-julge-erineda","status":"publish","type":"product","link":"https:\/\/olla.ee\/en\/toode\/unista-suurelt-julge-erineda\/","title":{"rendered":"UNISTA SUURELT. JULGE ERINEDA."},"content":{"rendered":"","protected":false},"excerpt":{"rendered":"<p>&nbsp;<\/p>\n<p>K\u00f5ik edulood on saanud alguse suurtest unistustes ja julgusest erineda. Kui Coco Chanel ei oleks julgenud erineda ja suurelt unistada ehk ei kannakski naised julgelt p\u00fckse?!? Kui Steve Jobbs ei oleks julgenud suurelt unistada ja erineda, kas meil oleks Apple? Kui Sa ei karda suurelt unistada, erineda ja tegutseda, siis hakkavadki juhtuma t\u00e4hendusrikkad s\u00fcndmused.<\/p>\n<p><strong>N\u00fc\u00fcd kristallikesega!<\/strong><\/p>\n<p><strong>&gt;&gt;<\/strong>\u00a0Saadaval: h\u00f5be, kulla ja rose v\u00e4rvi.<strong>\u00a0<\/strong><\/p>\n<p><strong>&gt;&gt;<\/strong>\u00a0OLLA k\u00e4ev\u00f5rude suurus on disainitud sobima k\u00f5igile, v\u00f5ru saab kerge painutamisega teha vastavalt randmele suuremaks v\u00f5i v\u00e4iksemaks. Kandjad armastavad OLLA v\u00f5rusid: meie\u00a0hinne\u00a0<a href=\"https:\/\/www.facebook.com\/pg\/ollaehe\/reviews\/?ref=page_internal\" target=\"_blank\" rel=\"noopener noreferrer\">klientide hinnangul on 5***** viiest<\/a>.<\/p>\n<p><strong><em>&gt;&gt;\u00a0<\/em>Kui kiiresti v\u00f5ru minuni j\u00f5uab?<\/strong>\u00a0\u2013 Tellimused postitame SmartPOSTi ja Omniva pakiautomaatidesse igap\u00e4evaselt. Paki kohalej\u00f5udmine v\u00f5tab 1-2 p\u00e4eva.<\/p>\n","protected":false},"featured_media":68018,"template":"","meta":[],"product_brand":[],"product_cat":[1340,1343,1270],"product_tag":[],"class_list":{"0":"post-67858","1":"product","2":"type-product","3":"status-publish","4":"has-post-thumbnail","6":"product_cat-koolilopp","7":"product_cat-synna8","8":"product_cat-kaevorud","10":"first","11":"instock","12":"taxable","13":"shipping-taxable","14":"product-type-variable"},"_links":{"self":[{"href":"https:\/\/olla.ee\/en\/wp-json\/wp\/v2\/product\/67858","targetHints":{"allow":["GET"]}}],"collection":[{"href":"https:\/\/olla.ee\/en\/wp-json\/wp\/v2\/product"}],"about":[{"href":"https:\/\/olla.ee\/en\/wp-json\/wp\/v2\/types\/product"}],"wp:featuredmedia":[{"embeddable":true,"href":"https:\/\/olla.ee\/en\/wp-json\/wp\/v2\/media\/68018"}],"wp:attachment":[{"href":"https:\/\/olla.ee\/en\/wp-json\/wp\/v2\/media?parent=67858"}],"wp:term":[{"taxonomy":"product_brand","embeddable":true,"href":"https:\/\/olla.ee\/en\/wp-json\/wp\/v2\/product_brand?post=67858"},{"taxonomy":"product_cat","embeddable":true,"href":"https:\/\/olla.ee\/en\/wp-json\/wp\/v2\/product_cat?post=67858"},{"taxonomy":"product_tag","embeddable":true,"href":"https:\/\/olla.ee\/en\/wp-json\/wp\/v2\/product_tag?post=67858"}],"curies":[{"name":"wp","href":"https:\/\/api.w.org\/{rel}","templated":true}]}}