{"id":67857,"date":"2022-11-07T10:47:56","date_gmt":"2022-11-07T07:47:56","guid":{"rendered":"https:\/\/olla.ee\/?post_type=product&#038;p=67857"},"modified":"2026-04-07T13:35:01","modified_gmt":"2026-04-07T11:35:01","slug":"alati-mu-sudames","status":"publish","type":"product","link":"https:\/\/olla.ee\/en\/toode\/alati-mu-sudames\/","title":{"rendered":"ALATI MU S\u00dcDAMES"},"content":{"rendered":"","protected":false},"excerpt":{"rendered":"<p><em>Minu armastus Sinu vastu \u2013 alati v\u00e4hem kui homme, kuid rohkem kui eile \u2013 igavesti.<\/em><\/p>\n<p><em>\u00dckski vahemaa, \u00fckski kaugus ei pane Sind unustama\u2026<\/em><br \/>\n<em>Sinu jaoks on alati koht mu s\u00fcdames\u2026<\/em><\/p>\n<p>*****<\/p>\n<p><strong>&gt;&gt;<\/strong>\u00a0OLLA k\u00e4ev\u00f5rude suurus on disainitud sobima k\u00f5igile, v\u00f5ru saab kerge painutamisega teha vastavalt randmele suuremaks v\u00f5i v\u00e4iksemaks. Kandjad armastavad OLLA v\u00f5rusid: meie\u00a0hinne\u00a0<a href=\"https:\/\/www.facebook.com\/pg\/ollaehe\/reviews\/?ref=page_internal\" target=\"_blank\" rel=\"noopener noreferrer\">klientide hinnangul on 5***** viiest<\/a>.<\/p>\n<p><strong><em>&gt;&gt;\u00a0<\/em>Kui kiiresti v\u00f5ru minuni j\u00f5uab?<\/strong>\u00a0\u2013 Tellimused postitame SmartPOSTi ja Omniva pakiautomaatidesse igap\u00e4evaselt. Paki kohalej\u00f5udmine v\u00f5tab 1-2 p\u00e4eva.<\/p>\n<p>&nbsp;<\/p>\n","protected":false},"featured_media":68008,"template":"","meta":[],"product_brand":[],"product_cat":[1336,15,1270],"product_tag":[],"class_list":{"0":"post-67857","1":"product","2":"type-product","3":"status-publish","4":"has-post-thumbnail","6":"product_cat-sobrapaev","7":"product_cat-emadepaev","8":"product_cat-kaevorud","10":"first","11":"instock","12":"taxable","13":"shipping-taxable","14":"product-type-variable"},"_links":{"self":[{"href":"https:\/\/olla.ee\/en\/wp-json\/wp\/v2\/product\/67857","targetHints":{"allow":["GET"]}}],"collection":[{"href":"https:\/\/olla.ee\/en\/wp-json\/wp\/v2\/product"}],"about":[{"href":"https:\/\/olla.ee\/en\/wp-json\/wp\/v2\/types\/product"}],"wp:featuredmedia":[{"embeddable":true,"href":"https:\/\/olla.ee\/en\/wp-json\/wp\/v2\/media\/68008"}],"wp:attachment":[{"href":"https:\/\/olla.ee\/en\/wp-json\/wp\/v2\/media?parent=67857"}],"wp:term":[{"taxonomy":"product_brand","embeddable":true,"href":"https:\/\/olla.ee\/en\/wp-json\/wp\/v2\/product_brand?post=67857"},{"taxonomy":"product_cat","embeddable":true,"href":"https:\/\/olla.ee\/en\/wp-json\/wp\/v2\/product_cat?post=67857"},{"taxonomy":"product_tag","embeddable":true,"href":"https:\/\/olla.ee\/en\/wp-json\/wp\/v2\/product_tag?post=67857"}],"curies":[{"name":"wp","href":"https:\/\/api.w.org\/{rel}","templated":true}]}}