{"id":67854,"date":"2022-11-07T10:47:56","date_gmt":"2022-11-07T07:47:56","guid":{"rendered":"https:\/\/olla.ee\/?post_type=product&#038;p=67854"},"modified":"2026-03-25T17:32:07","modified_gmt":"2026-03-25T15:32:07","slug":"heateebilusaks","status":"publish","type":"product","link":"https:\/\/olla.ee\/en\/toode\/heateebilusaks\/","title":{"rendered":"HEA TEEB ILUSAKS x LAURI R\u00c4PP KOLLEKTSIOON"},"content":{"rendered":"","protected":false},"excerpt":{"rendered":"<p style=\"font-weight: 400;\">K\u00e4ev\u00f5ru<a href=\"https:\/\/olla.ee\/olla-x-lauri-rapp-kollektsioon-sai-taiendust-elatud-eilsete-ja-elamata-homsete-vahel\/\">\u00a0kollektsioonist\u00a0 OLLA x Lauri R\u00e4pp \u201cElatud eilsete ja elamata homsete vahel\u201d<\/a><\/p>\n<p style=\"font-weight: 400;\"><em>Headus on alati olemas.<br \/>\n<\/em><em>Siinsamas, nurga taga,<\/em><br \/>\n<em>naabermajas, k\u00f5rvalt\u00e4naval.<\/em><br \/>\n<em>Hea teeb ilusaks.<\/em><\/p>\n<p>K\u00e4ev\u00f5ru on saadaval Apollo kauplustes \u00fcle Eesti. Vaata saadavust <a href=\"https:\/\/www.apollo.ee\/search?q=hea%20teeb%20ilusaks\">SIIT<\/a>.<\/p>\n<p>*****<br \/>\nOLLA k\u00e4ev\u00f5rude suurus on disainitud sobima k\u00f5igile, v\u00f5ru saab kerge painutamisega teha vastavalt randmele suuremaks v\u00f5i v\u00e4iksemaks. Kandjad armastavad OLLA v\u00f5rusid: meie hinne\u00a0<a href=\"https:\/\/www.facebook.com\/pg\/ollaehe\/reviews\/?ref=page_internal\" target=\"_blank\" rel=\"noopener noreferrer\">klientide hinnangul on 5***** viiest<\/a>.<br \/>\n<strong>&gt;\u00a0<\/strong>MATERJAL: OLLA ehted on valmistatud vastupidavast terasest. Kullatooni ehted on kaetud 18K kullaga. Allergiavabad<br \/>\n<strong><em>&gt;\u00a0<\/em>Kui kiiresti v\u00f5ru minuni j\u00f5uab?<\/strong>\u00a0\u2013 Tellimused postitame DPD, SmartPOSTi, Omniva pakiautomaatidesse k\u00f5ikidel t\u00f6\u00f6p\u00e4evadel. Paki kohalej\u00f5udmine v\u00f5tab 1-2 t\u00f6\u00f6p\u00e4eva.<\/p>\n<p>&nbsp;<\/p>\n","protected":false},"featured_media":80415,"template":"","meta":[],"product_brand":[],"product_cat":[1325,1270,1322],"product_tag":[],"class_list":{"0":"post-67854","1":"product","2":"type-product","3":"status-publish","4":"has-post-thumbnail","6":"product_cat-uus","7":"product_cat-kaevorud","8":"product_cat-olla-x-lauri-rapp","10":"first","11":"instock","12":"taxable","13":"shipping-taxable","14":"product-type-variable"},"_links":{"self":[{"href":"https:\/\/olla.ee\/en\/wp-json\/wp\/v2\/product\/67854","targetHints":{"allow":["GET"]}}],"collection":[{"href":"https:\/\/olla.ee\/en\/wp-json\/wp\/v2\/product"}],"about":[{"href":"https:\/\/olla.ee\/en\/wp-json\/wp\/v2\/types\/product"}],"wp:featuredmedia":[{"embeddable":true,"href":"https:\/\/olla.ee\/en\/wp-json\/wp\/v2\/media\/80415"}],"wp:attachment":[{"href":"https:\/\/olla.ee\/en\/wp-json\/wp\/v2\/media?parent=67854"}],"wp:term":[{"taxonomy":"product_brand","embeddable":true,"href":"https:\/\/olla.ee\/en\/wp-json\/wp\/v2\/product_brand?post=67854"},{"taxonomy":"product_cat","embeddable":true,"href":"https:\/\/olla.ee\/en\/wp-json\/wp\/v2\/product_cat?post=67854"},{"taxonomy":"product_tag","embeddable":true,"href":"https:\/\/olla.ee\/en\/wp-json\/wp\/v2\/product_tag?post=67854"}],"curies":[{"name":"wp","href":"https:\/\/api.w.org\/{rel}","templated":true}]}}