{"id":67841,"date":"2022-11-07T10:47:55","date_gmt":"2022-11-07T07:47:55","guid":{"rendered":"https:\/\/olla.ee\/?post_type=product&#038;p=67841"},"modified":"2024-12-13T21:53:15","modified_gmt":"2024-12-13T19:53:15","slug":"forever-family","status":"publish","type":"product","link":"https:\/\/olla.ee\/en\/toode\/forever-family\/","title":{"rendered":"FOREVER FAMILY"},"content":{"rendered":"","protected":false},"excerpt":{"rendered":"<p>Kui Su seljataga on pere, kuhu kuulud uhkuse ja armastusega, siis on maailm Sinu! Forever family aitab Sul pere v\u00e4ge kaasas kanda ka siis kui Sa f\u00fc\u00fcsiliselt ei saa oma perega koos olla.<\/p>\n<p><em>Suurim \u00f5nn on veendumus, et meid armastatakse meie enda p\u00e4rast, v\u00f5i \u00f5igemini, sellest hoolimata<\/em>. Victor Hugo<\/p>\n<p>&gt;&gt; \u00dcllata l\u00e4hedast ja telli personaalse p\u00fchendusega ehe kontaktivabalt otse kingi-saajale! See on lihtne: m\u00e4rgi e-poe kassas kingisaaja telefoni number, sobiv pakiau-tomaat ja kirjuta m\u00e4rkuste lahtrisse p\u00fchendus.<\/p>\n<p>&gt;&gt; Ostes v\u00e4hemalt kolm OLLA k\u00e4ev\u00f5ru tuleb \u00fche hinnaks 15 eurot. Soodustus ar-vutatakse automaatselt kassas.<\/p>\n<p><em>SOS Lastek\u00fclale saad annetada ka ise ja otse, tee seda\u00a0<a href=\"https:\/\/www.sos-lastekyla.ee\/anneta\">SIIN<\/a>.<\/em><\/p>\n<p>*************<\/p>\n<p><strong>&gt;&gt;<\/strong>\u00a0Saadaval: h\u00f5be, kulla ja roosa kulla v\u00e4rvi<\/p>\n<p><strong>&gt;&gt;<\/strong>\u00a0OLLA k\u00e4ev\u00f5rude suurus on disainitud sobima k\u00f5igile, v\u00f5ru saab kerge painutamisega teha vastavalt randmele suuremaks v\u00f5i v\u00e4iksemaks. Kandjad armastavad OLLA v\u00f5rusid: meie\u00a0hinne\u00a0<a href=\"https:\/\/www.facebook.com\/pg\/ollaehe\/reviews\/?ref=page_internal\" target=\"_blank\" rel=\"noopener noreferrer\">klientide hinnangul on 5***** viiest<\/a>.<\/p>\n<p><strong><em>&gt;&gt;\u00a0<\/em>Kui kiiresti v\u00f5ru minuni j\u00f5uab?<\/strong>\u00a0\u2013 Tellimused postitame SmartPOSTi ja Omniva pakiautomaatidesse igap\u00e4evaselt. Paki kohalej\u00f5udmine v\u00f5tab 1-2 p\u00e4eva.<\/p>\n","protected":false},"featured_media":67912,"template":"","meta":[],"product_brand":[],"product_cat":[1270],"product_tag":[],"class_list":{"0":"post-67841","1":"product","2":"type-product","3":"status-publish","4":"has-post-thumbnail","6":"product_cat-kaevorud","8":"first","9":"instock","10":"taxable","11":"shipping-taxable","12":"product-type-variable"},"_links":{"self":[{"href":"https:\/\/olla.ee\/en\/wp-json\/wp\/v2\/product\/67841","targetHints":{"allow":["GET"]}}],"collection":[{"href":"https:\/\/olla.ee\/en\/wp-json\/wp\/v2\/product"}],"about":[{"href":"https:\/\/olla.ee\/en\/wp-json\/wp\/v2\/types\/product"}],"wp:featuredmedia":[{"embeddable":true,"href":"https:\/\/olla.ee\/en\/wp-json\/wp\/v2\/media\/67912"}],"wp:attachment":[{"href":"https:\/\/olla.ee\/en\/wp-json\/wp\/v2\/media?parent=67841"}],"wp:term":[{"taxonomy":"product_brand","embeddable":true,"href":"https:\/\/olla.ee\/en\/wp-json\/wp\/v2\/product_brand?post=67841"},{"taxonomy":"product_cat","embeddable":true,"href":"https:\/\/olla.ee\/en\/wp-json\/wp\/v2\/product_cat?post=67841"},{"taxonomy":"product_tag","embeddable":true,"href":"https:\/\/olla.ee\/en\/wp-json\/wp\/v2\/product_tag?post=67841"}],"curies":[{"name":"wp","href":"https:\/\/api.w.org\/{rel}","templated":true}]}}