{"id":67838,"date":"2022-11-07T10:47:54","date_gmt":"2022-11-07T07:47:54","guid":{"rendered":"https:\/\/olla.ee\/?post_type=product&#038;p=67838"},"modified":"2026-03-16T10:47:15","modified_gmt":"2026-03-16T08:47:15","slug":"soul-sisters","status":"publish","type":"product","link":"https:\/\/olla.ee\/en\/toode\/soul-sisters\/","title":{"rendered":"SOUL SISTERS"},"content":{"rendered":"","protected":false},"excerpt":{"rendered":"<p>K\u00f5ige kallimatele hingesugulastele \u2013 \u00f5ele, s\u00f5brannale, emale&#8230; Oled \u00fcks \u00f5nnelik inimene, kui Sul on olemas keegi, kellele selle s\u00f5numiga k\u00e4ev\u00f5ru kinkida!<\/p>\n<p>Edith Piaf: <em>Ma olen alati eristanud s\u00f5pru s\u00fcdames\u00f5pradest. S\u00f5pradega on meeldiv vestelda, s\u00fcdames\u00f5prade eest ei varja ma midagi.<\/em><\/p>\n<h1><span class=\"emoji\">\u2764<\/span><\/h1>\n<p><strong>&gt;&gt;<\/strong>\u00a0Saadaval: h\u00f5be, kulla ja roosa kulla v\u00e4rvi.<\/p>\n<p><strong>&gt;&gt;<\/strong>\u00a0OLLA k\u00e4ev\u00f5rude suurus on disainitud sobima k\u00f5igile, v\u00f5ru saab kerge painutamisega teha vastavalt randmele suuremaks v\u00f5i v\u00e4iksemaks. Kandjad armastavad OLLA v\u00f5rusid: meie\u00a0hinne\u00a0<a href=\"https:\/\/www.facebook.com\/pg\/ollaehe\/reviews\/?ref=page_internal\" target=\"_blank\" rel=\"noopener noreferrer\">klientide hinnangul on 5***** viiest<\/a>.<\/p>\n<p><strong><em>&gt;&gt;\u00a0<\/em>Kui kiiresti v\u00f5ru minuni j\u00f5uab?<\/strong>\u00a0\u2013 Tellimused postitame SmartPOSTi ja Omniva pakiautomaatidesse igap\u00e4evaselt. Paki kohalej\u00f5udmine v\u00f5tab 1-2 p\u00e4eva.<\/p>\n","protected":false},"featured_media":67890,"template":"","meta":[],"product_brand":[],"product_cat":[1336,1270],"product_tag":[],"class_list":{"0":"post-67838","1":"product","2":"type-product","3":"status-publish","4":"has-post-thumbnail","6":"product_cat-sobrapaev","7":"product_cat-kaevorud","9":"first","10":"instock","11":"taxable","12":"shipping-taxable","13":"product-type-variable"},"_links":{"self":[{"href":"https:\/\/olla.ee\/en\/wp-json\/wp\/v2\/product\/67838","targetHints":{"allow":["GET"]}}],"collection":[{"href":"https:\/\/olla.ee\/en\/wp-json\/wp\/v2\/product"}],"about":[{"href":"https:\/\/olla.ee\/en\/wp-json\/wp\/v2\/types\/product"}],"wp:featuredmedia":[{"embeddable":true,"href":"https:\/\/olla.ee\/en\/wp-json\/wp\/v2\/media\/67890"}],"wp:attachment":[{"href":"https:\/\/olla.ee\/en\/wp-json\/wp\/v2\/media?parent=67838"}],"wp:term":[{"taxonomy":"product_brand","embeddable":true,"href":"https:\/\/olla.ee\/en\/wp-json\/wp\/v2\/product_brand?post=67838"},{"taxonomy":"product_cat","embeddable":true,"href":"https:\/\/olla.ee\/en\/wp-json\/wp\/v2\/product_cat?post=67838"},{"taxonomy":"product_tag","embeddable":true,"href":"https:\/\/olla.ee\/en\/wp-json\/wp\/v2\/product_tag?post=67838"}],"curies":[{"name":"wp","href":"https:\/\/api.w.org\/{rel}","templated":true}]}}