{"id":67835,"date":"2022-11-07T10:47:54","date_gmt":"2022-11-07T07:47:54","guid":{"rendered":"https:\/\/olla.ee\/?post_type=product&#038;p=67835"},"modified":"2026-03-09T19:45:18","modified_gmt":"2026-03-09T17:45:18","slug":"she-believed-she-could-so-she-did","status":"publish","type":"product","link":"https:\/\/olla.ee\/en\/toode\/she-believed-she-could-so-she-did\/","title":{"rendered":"SHE BELIEVED SHE COULD, SO SHE DID"},"content":{"rendered":"","protected":false},"excerpt":{"rendered":"<p>See v\u00f5ru on Sulle pidepunktiks eesm\u00e4rkide saavutamisel, Sul on olemas usk ja tahe teoks teha oma unistusi. Alati usu, et Sa suudad ja suudadki!<\/p>\n<p><strong>&gt;&gt;<\/strong>\u00a0Saadaval: h\u00f5be, kulla ja roosa kulla v\u00e4rvi.<\/p>\n<p><strong>&gt;&gt;<\/strong>\u00a0OLLA k\u00e4ev\u00f5rude suurus on disainitud sobima k\u00f5igile, v\u00f5ru saab kerge painutamisega teha vastavalt randmele suuremaks v\u00f5i v\u00e4iksemaks. Kandjad armastavad OLLA v\u00f5rusid: meie\u00a0hinne\u00a0<a href=\"https:\/\/www.facebook.com\/pg\/ollaehe\/reviews\/?ref=page_internal\" target=\"_blank\" rel=\"noopener noreferrer\">klientide hinnangul on 5***** viiest<\/a>.<\/p>\n<p><strong><em>&gt;&gt;\u00a0<\/em>Kui kiiresti v\u00f5ru minuni j\u00f5uab?<\/strong>\u00a0\u2013 Tellimused postitame SmartPOSTi ja Omniva pakiautomaatidesse igap\u00e4evaselt. Paki kohalej\u00f5udmine v\u00f5tab 1-2 p\u00e4eva.<\/p>\n","protected":false},"featured_media":67872,"template":"","meta":[],"product_brand":[],"product_cat":[1340,1270],"product_tag":[],"class_list":{"0":"post-67835","1":"product","2":"type-product","3":"status-publish","4":"has-post-thumbnail","6":"product_cat-koolilopp","7":"product_cat-kaevorud","9":"first","10":"instock","11":"taxable","12":"shipping-taxable","13":"purchasable","14":"product-type-variable"},"_links":{"self":[{"href":"https:\/\/olla.ee\/en\/wp-json\/wp\/v2\/product\/67835","targetHints":{"allow":["GET"]}}],"collection":[{"href":"https:\/\/olla.ee\/en\/wp-json\/wp\/v2\/product"}],"about":[{"href":"https:\/\/olla.ee\/en\/wp-json\/wp\/v2\/types\/product"}],"wp:featuredmedia":[{"embeddable":true,"href":"https:\/\/olla.ee\/en\/wp-json\/wp\/v2\/media\/67872"}],"wp:attachment":[{"href":"https:\/\/olla.ee\/en\/wp-json\/wp\/v2\/media?parent=67835"}],"wp:term":[{"taxonomy":"product_brand","embeddable":true,"href":"https:\/\/olla.ee\/en\/wp-json\/wp\/v2\/product_brand?post=67835"},{"taxonomy":"product_cat","embeddable":true,"href":"https:\/\/olla.ee\/en\/wp-json\/wp\/v2\/product_cat?post=67835"},{"taxonomy":"product_tag","embeddable":true,"href":"https:\/\/olla.ee\/en\/wp-json\/wp\/v2\/product_tag?post=67835"}],"curies":[{"name":"wp","href":"https:\/\/api.w.org\/{rel}","templated":true}]}}