{"id":67834,"date":"2022-11-07T10:47:54","date_gmt":"2022-11-07T07:47:54","guid":{"rendered":"https:\/\/olla.ee\/?post_type=product&#038;p=67834"},"modified":"2025-06-12T18:56:41","modified_gmt":"2025-06-12T16:56:41","slug":"youre-my-person","status":"publish","type":"product","link":"https:\/\/olla.ee\/en\/toode\/youre-my-person\/","title":{"rendered":"YOU\u00b4RE MY PERSON"},"content":{"rendered":"","protected":false},"excerpt":{"rendered":"<p>Kui Sa oled \u00f5nnelik, olen mina \u00f5nnelik. Kui kurvastad, kurvastan ka mina. Mis teeb Sind r\u00f5\u00f5msaks, teeb ka mind r\u00f5\u00f5msaks. Tea, et kusiganes Sa oled, misiganes Sinuga juhtub, ma olen Sinuga. Sa oled minu inimene! OLLA Sinu inimene:)<\/p>\n<h1><span class=\"emoji\">\u2764<\/span><\/h1>\n<p><strong>&gt;&gt;<\/strong>\u00a0Saadaval:\u00a0 h\u00f5be ja roosa kulla v\u00e4rvi.<\/p>\n<p><strong>&gt;&gt;<\/strong>\u00a0OLLA k\u00e4ev\u00f5rude suurus on disainitud sobima k\u00f5igile, v\u00f5ru saab kerge painutamisega teha vastavalt randmele suuremaks v\u00f5i v\u00e4iksemaks. Kandjad armastavad OLLA v\u00f5rusid: meie\u00a0hinne\u00a0<a href=\"https:\/\/www.facebook.com\/pg\/ollaehe\/reviews\/?ref=page_internal\" target=\"_blank\" rel=\"noopener noreferrer\">klientide hinnangul on 5***** viiest<\/a>.<\/p>\n<p><strong><em>&gt;&gt;\u00a0<\/em>Kui kiiresti v\u00f5ru minuni j\u00f5uab?<\/strong>\u00a0\u2013 Tellimused postitame SmartPOSTi ja Omniva pakiautomaatidesse igap\u00e4evaselt. Paki kohalej\u00f5udmine v\u00f5tab 1-2 p\u00e4eva.<\/p>\n","protected":false},"featured_media":67864,"template":"","meta":[],"product_brand":[],"product_cat":[1270],"product_tag":[],"class_list":{"0":"post-67834","1":"product","2":"type-product","3":"status-publish","4":"has-post-thumbnail","6":"product_cat-kaevorud","8":"first","9":"instock","10":"taxable","11":"shipping-taxable","12":"product-type-variable"},"_links":{"self":[{"href":"https:\/\/olla.ee\/en\/wp-json\/wp\/v2\/product\/67834","targetHints":{"allow":["GET"]}}],"collection":[{"href":"https:\/\/olla.ee\/en\/wp-json\/wp\/v2\/product"}],"about":[{"href":"https:\/\/olla.ee\/en\/wp-json\/wp\/v2\/types\/product"}],"wp:featuredmedia":[{"embeddable":true,"href":"https:\/\/olla.ee\/en\/wp-json\/wp\/v2\/media\/67864"}],"wp:attachment":[{"href":"https:\/\/olla.ee\/en\/wp-json\/wp\/v2\/media?parent=67834"}],"wp:term":[{"taxonomy":"product_brand","embeddable":true,"href":"https:\/\/olla.ee\/en\/wp-json\/wp\/v2\/product_brand?post=67834"},{"taxonomy":"product_cat","embeddable":true,"href":"https:\/\/olla.ee\/en\/wp-json\/wp\/v2\/product_cat?post=67834"},{"taxonomy":"product_tag","embeddable":true,"href":"https:\/\/olla.ee\/en\/wp-json\/wp\/v2\/product_tag?post=67834"}],"curies":[{"name":"wp","href":"https:\/\/api.w.org\/{rel}","templated":true}]}}